{"id":9,"date":"2021-09-28T13:16:50","date_gmt":"2021-09-28T13:16:50","guid":{"rendered":"https:\/\/nordicpharma-multisite.dev.pulse.digital\/ch\/?page_id=9"},"modified":"2025-03-03T08:03:05","modified_gmt":"2025-03-03T07:03:05","slug":"histoire","status":"publish","type":"page","link":"https:\/\/www.nordicpharma.ch\/fr\/histoire\/","title":{"rendered":"Histoire"},"content":{"rendered":"[spb_row element_name=&#8221;Row&#8221; wrap_type=&#8221;full-width-contained&#8221; row_bg_type=&#8221;image&#8221; color_row_height=&#8221;content-height&#8221; row_style=&#8221;light&#8221; bg_image=&#8221;60&#8243; bg_type=&#8221;pattern&#8221; parallax_image_height=&#8221;content-height&#8221; parallax_image_movement=&#8221;stellar&#8221; parallax_image_speed=&#8221;standard&#8221; bg_video_loop=&#8221;yes&#8221; parallax_video_height=&#8221;window-height&#8221; row_top_style=&#8221;none&#8221; row_bottom_style=&#8221;none&#8221; parallax_video_overlay=&#8221;none&#8221; row_overlay_opacity=&#8221;0&#8243; remove_element_spacing=&#8221;no&#8221; row_col_spacing=&#8221;0&#8243; row_col_pos=&#8221;default&#8221; row_col_equal_heights=&#8221;no&#8221; row_expanding=&#8221;no&#8221; row_animation=&#8221;none&#8221; row_animation_delay=&#8221;0&#8243; minimize_row=&#8221;no&#8221; simplified_controls=&#8221;yes&#8221; custom_css_percentage=&#8221;no&#8221; custom_css=&#8221;margin-top: 0px;margin-bottom: 0px;&#8221; border_styling_global=&#8221;default&#8221; el_class=&#8221;top-page&#8221; width=&#8221;1\/1&#8243; el_position=&#8221;first last&#8221;] [spb_text_block title=&#8221;\u00c0 PROPOS DE NOUS&#8221; animation=&#8221;none&#8221; animation_delay=&#8221;0&#8243; simplified_controls=&#8221;yes&#8221; custom_css_percentage=&#8221;no&#8221; padding_vertical=&#8221;0&#8243; padding_horizontal=&#8221;0&#8243; margin_vertical=&#8221;0&#8243; custom_css=&#8221;margin-top: 0px;margin-bottom: 0px;&#8221; border_size=&#8221;0&#8243; border_styling_global=&#8221;default&#8221; el_class=&#8221;page-title-container&#8221; width=&#8221;1\/1&#8243; el_position=&#8221;first last&#8221;]\n<p>Histoire<\/p>\n[\/spb_text_block] [\/spb_row] [spb_row element_name=&#8221;Row&#8221; wrap_type=&#8221;standard-width&#8221; row_bg_type=&#8221;color&#8221; color_row_height=&#8221;content-height&#8221; bg_type=&#8221;cover&#8221; parallax_image_height=&#8221;content-height&#8221; parallax_image_movement=&#8221;fixed&#8221; parallax_image_speed=&#8221;standard&#8221; bg_video_loop=&#8221;yes&#8221; parallax_video_height=&#8221;window-height&#8221; row_top_style=&#8221;none&#8221; row_bottom_style=&#8221;none&#8221; parallax_video_overlay=&#8221;none&#8221; row_overlay_opacity=&#8221;0&#8243; remove_element_spacing=&#8221;no&#8221; row_col_spacing=&#8221;0&#8243; row_col_pos=&#8221;default&#8221; row_col_equal_heights=&#8221;no&#8221; row_expanding=&#8221;no&#8221; row_animation=&#8221;none&#8221; row_animation_delay=&#8221;0&#8243; minimize_row=&#8221;no&#8221; simplified_controls=&#8221;no&#8221; custom_css_percentage=&#8221;no&#8221; custom_css=&#8221;margin-top: 0px;margin-bottom: 0px;padding-top: 100px;&#8221; border_styling_global=&#8221;default&#8221; el_class=&#8221;container-center&#8221; width=&#8221;1\/1&#8243; el_position=&#8221;first last&#8221;] [spb_text_block animation=&#8221;none&#8221; animation_delay=&#8221;0&#8243; simplified_controls=&#8221;yes&#8221; custom_css_percentage=&#8221;no&#8221; padding_vertical=&#8221;0&#8243; padding_horizontal=&#8221;0&#8243; margin_vertical=&#8221;0&#8243; custom_css=&#8221;margin-top: 0px;margin-bottom: 0px;&#8221; border_size=&#8221;0&#8243; border_styling_global=&#8221;default&#8221; el_class=&#8221;page-content&#8221; width=&#8221;1\/1&#8243; el_position=&#8221;first last&#8221;]\n<p class=\"page-desc\">Pour cr\u00e9er sa filiale suisse, Nordic Pharma Group a rachet\u00e9 Cosan GmbH en 2014 \u2013 le distributeur historique de Mifegyne\u00ae en Suisse depuis 1997. Depuis 2014, de nouveaux produits de Nordic Group tels que <a href=\"\/fr\/mifegyne\/\">Mifegyne\u00ae<\/a>, <a href=\"\/fr\/nordimet-pfs\/\">Nordimet\u00ae seringues pr\u00e9remplies<\/a>, <a href=\"\/fr\/nordimet-pen\/\">Nordimet\u00ae PEN<\/a>, <a href=\"\/fr\/trasylol\/\">Trasylol\u00ae<\/a>\u00a0et <a href=\"\/fr\/misoone\/\">MisoOne\u00ae<\/a> ont \u00e9t\u00e9 lanc\u00e9s et une \u00e9quipe commerciale et marketing engag\u00e9e a \u00e9t\u00e9 recrut\u00e9e.<\/p>\n[\/spb_text_block] [\/spb_row] [spb_row element_name=&#8221;Row&#8221; wrap_type=&#8221;full-width-contained&#8221; row_bg_type=&#8221;image&#8221; color_row_height=&#8221;content-height&#8221; bg_image=&#8221;855&#8243; bg_type=&#8221;cover&#8221; parallax_image_height=&#8221;content-height&#8221; parallax_image_movement=&#8221;fixed&#8221; parallax_image_speed=&#8221;standard&#8221; bg_video_loop=&#8221;yes&#8221; parallax_video_height=&#8221;window-height&#8221; row_top_style=&#8221;none&#8221; row_bottom_style=&#8221;none&#8221; parallax_video_overlay=&#8221;none&#8221; row_overlay_opacity=&#8221;0&#8243; remove_element_spacing=&#8221;no&#8221; row_col_spacing=&#8221;0&#8243; row_col_pos=&#8221;center&#8221; row_col_content_pos=&#8221;center&#8221; row_col_equal_heights=&#8221;no&#8221; row_expanding=&#8221;no&#8221; row_animation=&#8221;none&#8221; row_animation_delay=&#8221;0&#8243; minimize_row=&#8221;no&#8221; simplified_controls=&#8221;yes&#8221; custom_css_percentage=&#8221;no&#8221; custom_css=&#8221;margin-top: 0px;margin-bottom: 0px;&#8221; border_styling_global=&#8221;default&#8221; el_class=&#8221;cta-container&#8221; width=&#8221;1\/1&#8243; el_position=&#8221;first last&#8221;] [spb_text_block animation=&#8221;none&#8221; animation_delay=&#8221;0&#8243; simplified_controls=&#8221;yes&#8221; custom_css_percentage=&#8221;no&#8221; padding_vertical=&#8221;0&#8243; padding_horizontal=&#8221;0&#8243; margin_vertical=&#8221;0&#8243; custom_css=&#8221;margin-top: 0px;margin-bottom: 0px;&#8221; border_size=&#8221;0&#8243; border_styling_global=&#8221;default&#8221; el_class=&#8221;cta-title&#8221; width=&#8221;1\/1&#8243; el_position=&#8221;first last&#8221;]\n<p>Transparence<\/p>\n[\/spb_text_block] [spb_button button_text=&#8221;En savoir plus&#8221; button_size=&#8221;standard&#8221; button_colour=&#8221;accent&#8221; button_type=&#8221;standard&#8221; rounded=&#8221;no&#8221; button_dropshadow=&#8221;no&#8221; button_link=&#8221;\/fr\/transparence\/&#8221; button_target=&#8221;_self&#8221; align=&#8221;left&#8221; animation=&#8221;none&#8221; animation_delay=&#8221;0&#8243; el_class=&#8221;btnAbout&#8221; width=&#8221;1\/1&#8243; el_position=&#8221;first last&#8221;] [\/spb_row]\n","protected":false},"excerpt":{"rendered":"<p>[spb_row element_name=&#8221;Row&#8221; wrap_type=&#8221;full-width-contained&#8221; row_bg_type=&#8221;image&#8221; color_row_height=&#8221;content-height&#8221; row_style=&#8221;light&#8221; bg_image=&#8221;60&#8243; bg_type=&#8221;pattern&#8221; parallax_image_height=&#8221;content-height&#8221; parallax_image_movement=&#8221;stellar&#8221; parallax_image_speed=&#8221;standard&#8221; bg_video_loop=&#8221;yes&#8221; parallax_video_height=&#8221;window-height&#8221; row_top_style=&#8221;none&#8221; row_bottom_style=&#8221;none&#8221; parallax_video_overlay=&#8221;none&#8221; row_overlay_opacity=&#8221;0&#8243; remove_element_spacing=&#8221;no&#8221; row_col_spacing=&#8221;0&#8243; row_col_pos=&#8221;default&#8221; row_col_equal_heights=&#8221;no&#8221; row_expanding=&#8221;no&#8221; row_animation=&#8221;none&#8221; row_animation_delay=&#8221;0&#8243; minimize_row=&#8221;no&#8221; simplified_controls=&#8221;yes&#8221; custom_css_percentage=&#8221;no&#8221; custom_css=&#8221;margin-top: 0px;margin-bottom: 0px;&#8221; border_styling_global=&#8221;default&#8221; el_class=&#8221;top-page&#8221; width=&#8221;1\/1&#8243; el_position=&#8221;first last&#8221;] [spb_text_block title=&#8221;\u00c0 PROPOS DE NOUS&#8221; animation=&#8221;none&#8221; animation_delay=&#8221;0&#8243; simplified_controls=&#8221;yes&#8221; custom_css_percentage=&#8221;no&#8221; padding_vertical=&#8221;0&#8243; padding_horizontal=&#8221;0&#8243; margin_vertical=&#8221;0&#8243; custom_css=&#8221;margin-top: 0px;margin-bottom: 0px;&#8221; border_size=&#8221;0&#8243; border_styling_global=&#8221;default&#8221; el_class=&#8221;page-title-container&#8221; width=&#8221;1\/1&#8243; el_position=&#8221;first last&#8221;] Histoire [\/spb_text_block] [\/spb_row] [spb_row [&hellip;]<\/p>\n","protected":false},"author":22,"featured_media":0,"parent":0,"menu_order":0,"comment_status":"closed","ping_status":"closed","template":"","meta":{"_acf_changed":false,"inline_featured_image":false,"footnotes":""},"class_list":["post-9","page","type-page","status-publish","hentry"],"acf":[],"yoast_head":"<!-- This site is optimized with the Yoast SEO plugin v27.4 - https:\/\/yoast.com\/product\/yoast-seo-wordpress\/ -->\n<title>Notre histoire - Nordic Pharma Suisse<\/title>\n<meta name=\"description\" content=\"D\u00e9couvrez l&#039;histoire de Nordic Pharma Suisse, de sa naissance \u00e0 aujourd&#039;hui.\" \/>\n<meta name=\"robots\" content=\"index, follow, max-snippet:-1, max-image-preview:large, max-video-preview:-1\" \/>\n<link rel=\"canonical\" href=\"https:\/\/www.nordicpharma.ch\/fr\/histoire\/\" \/>\n<meta property=\"og:locale\" content=\"fr_FR\" \/>\n<meta property=\"og:type\" content=\"article\" \/>\n<meta property=\"og:title\" content=\"Notre histoire - Nordic Pharma Suisse\" \/>\n<meta property=\"og:description\" content=\"D\u00e9couvrez l&#039;histoire de Nordic Pharma Suisse, de sa naissance \u00e0 aujourd&#039;hui.\" \/>\n<meta property=\"og:url\" content=\"https:\/\/www.nordicpharma.ch\/fr\/histoire\/\" \/>\n<meta property=\"og:site_name\" content=\"Nordic Pharma Suisse\" \/>\n<meta property=\"article:modified_time\" content=\"2025-03-03T07:03:05+00:00\" \/>\n<meta property=\"og:image\" content=\"https:\/\/www.nordicpharma.ch\/wp-content\/uploads\/sites\/8\/2021\/09\/nordic-pharma-france-header-notre-histoire.jpg\" \/>\n\t<meta property=\"og:image:width\" content=\"1920\" \/>\n\t<meta property=\"og:image:height\" content=\"1320\" \/>\n\t<meta property=\"og:image:type\" content=\"image\/jpeg\" \/>\n<meta name=\"twitter:card\" content=\"summary_large_image\" \/>\n<meta name=\"twitter:image\" content=\"https:\/\/www.nordicpharma.ch\/wp-content\/uploads\/sites\/8\/2021\/09\/nordic-pharma-france-header-notre-histoire.jpg\" \/>\n<meta name=\"twitter:label1\" content=\"Dur\u00e9e de lecture estim\u00e9e\" \/>\n\t<meta name=\"twitter:data1\" content=\"2 minutes\" \/>\n<script type=\"application\/ld+json\" class=\"yoast-schema-graph\">{\"@context\":\"https:\\\/\\\/schema.org\",\"@graph\":[{\"@type\":\"WebPage\",\"@id\":\"https:\\\/\\\/www.nordicpharma.ch\\\/fr\\\/histoire\\\/\",\"url\":\"https:\\\/\\\/www.nordicpharma.ch\\\/fr\\\/histoire\\\/\",\"name\":\"Notre histoire - Nordic Pharma Suisse\",\"isPartOf\":{\"@id\":\"https:\\\/\\\/www.nordicpharma.ch\\\/#website\"},\"datePublished\":\"2021-09-28T13:16:50+00:00\",\"dateModified\":\"2025-03-03T07:03:05+00:00\",\"description\":\"D\u00e9couvrez l'histoire de Nordic Pharma Suisse, de sa naissance \u00e0 aujourd'hui.\",\"breadcrumb\":{\"@id\":\"https:\\\/\\\/www.nordicpharma.ch\\\/fr\\\/histoire\\\/#breadcrumb\"},\"inLanguage\":\"fr-FR\",\"potentialAction\":[{\"@type\":\"ReadAction\",\"target\":[\"https:\\\/\\\/www.nordicpharma.ch\\\/fr\\\/histoire\\\/\"]}]},{\"@type\":\"BreadcrumbList\",\"@id\":\"https:\\\/\\\/www.nordicpharma.ch\\\/fr\\\/histoire\\\/#breadcrumb\",\"itemListElement\":[{\"@type\":\"ListItem\",\"position\":1,\"name\":\"Home\",\"item\":\"https:\\\/\\\/www.nordicpharma.ch\\\/fr\\\/\"},{\"@type\":\"ListItem\",\"position\":2,\"name\":\"Histoire\"}]},{\"@type\":\"WebSite\",\"@id\":\"https:\\\/\\\/www.nordicpharma.ch\\\/#website\",\"url\":\"https:\\\/\\\/www.nordicpharma.ch\\\/\",\"name\":\"Nordic Pharma Suisse\",\"description\":\"Just another Nordic Pharma Sites site\",\"publisher\":{\"@id\":\"https:\\\/\\\/www.nordicpharma.ch\\\/#organization\"},\"potentialAction\":[{\"@type\":\"SearchAction\",\"target\":{\"@type\":\"EntryPoint\",\"urlTemplate\":\"https:\\\/\\\/www.nordicpharma.ch\\\/?s={search_term_string}\"},\"query-input\":{\"@type\":\"PropertyValueSpecification\",\"valueRequired\":true,\"valueName\":\"search_term_string\"}}],\"inLanguage\":\"fr-FR\"},{\"@type\":\"Organization\",\"@id\":\"https:\\\/\\\/www.nordicpharma.ch\\\/#organization\",\"name\":\"Nordic Pharma Suisse\",\"url\":\"https:\\\/\\\/www.nordicpharma.ch\\\/\",\"logo\":{\"@type\":\"ImageObject\",\"inLanguage\":\"fr-FR\",\"@id\":\"https:\\\/\\\/www.nordicpharma.ch\\\/#\\\/schema\\\/logo\\\/image\\\/\",\"url\":\"https:\\\/\\\/www.nordicpharma.ch\\\/wp-content\\\/uploads\\\/sites\\\/8\\\/2021\\\/10\\\/light-pharma-1024x289-1.png\",\"contentUrl\":\"https:\\\/\\\/www.nordicpharma.ch\\\/wp-content\\\/uploads\\\/sites\\\/8\\\/2021\\\/10\\\/light-pharma-1024x289-1.png\",\"width\":1024,\"height\":289,\"caption\":\"Nordic Pharma Suisse\"},\"image\":{\"@id\":\"https:\\\/\\\/www.nordicpharma.ch\\\/#\\\/schema\\\/logo\\\/image\\\/\"}}]}<\/script>\n<!-- \/ Yoast SEO plugin. -->","yoast_head_json":{"title":"Notre histoire - Nordic Pharma Suisse","description":"D\u00e9couvrez l'histoire de Nordic Pharma Suisse, de sa naissance \u00e0 aujourd'hui.","robots":{"index":"index","follow":"follow","max-snippet":"max-snippet:-1","max-image-preview":"max-image-preview:large","max-video-preview":"max-video-preview:-1"},"canonical":"https:\/\/www.nordicpharma.ch\/fr\/histoire\/","og_locale":"fr_FR","og_type":"article","og_title":"Notre histoire - Nordic Pharma Suisse","og_description":"D\u00e9couvrez l'histoire de Nordic Pharma Suisse, de sa naissance \u00e0 aujourd'hui.","og_url":"https:\/\/www.nordicpharma.ch\/fr\/histoire\/","og_site_name":"Nordic Pharma Suisse","article_modified_time":"2025-03-03T07:03:05+00:00","og_image":[{"width":1920,"height":1320,"url":"https:\/\/www.nordicpharma.ch\/wp-content\/uploads\/sites\/8\/2021\/09\/nordic-pharma-france-header-notre-histoire.jpg","type":"image\/jpeg"}],"twitter_card":"summary_large_image","twitter_image":"https:\/\/www.nordicpharma.ch\/wp-content\/uploads\/sites\/8\/2021\/09\/nordic-pharma-france-header-notre-histoire.jpg","twitter_misc":{"Dur\u00e9e de lecture estim\u00e9e":"2 minutes"},"schema":{"@context":"https:\/\/schema.org","@graph":[{"@type":"WebPage","@id":"https:\/\/www.nordicpharma.ch\/fr\/histoire\/","url":"https:\/\/www.nordicpharma.ch\/fr\/histoire\/","name":"Notre histoire - Nordic Pharma Suisse","isPartOf":{"@id":"https:\/\/www.nordicpharma.ch\/#website"},"datePublished":"2021-09-28T13:16:50+00:00","dateModified":"2025-03-03T07:03:05+00:00","description":"D\u00e9couvrez l'histoire de Nordic Pharma Suisse, de sa naissance \u00e0 aujourd'hui.","breadcrumb":{"@id":"https:\/\/www.nordicpharma.ch\/fr\/histoire\/#breadcrumb"},"inLanguage":"fr-FR","potentialAction":[{"@type":"ReadAction","target":["https:\/\/www.nordicpharma.ch\/fr\/histoire\/"]}]},{"@type":"BreadcrumbList","@id":"https:\/\/www.nordicpharma.ch\/fr\/histoire\/#breadcrumb","itemListElement":[{"@type":"ListItem","position":1,"name":"Home","item":"https:\/\/www.nordicpharma.ch\/fr\/"},{"@type":"ListItem","position":2,"name":"Histoire"}]},{"@type":"WebSite","@id":"https:\/\/www.nordicpharma.ch\/#website","url":"https:\/\/www.nordicpharma.ch\/","name":"Nordic Pharma Suisse","description":"Just another Nordic Pharma Sites site","publisher":{"@id":"https:\/\/www.nordicpharma.ch\/#organization"},"potentialAction":[{"@type":"SearchAction","target":{"@type":"EntryPoint","urlTemplate":"https:\/\/www.nordicpharma.ch\/?s={search_term_string}"},"query-input":{"@type":"PropertyValueSpecification","valueRequired":true,"valueName":"search_term_string"}}],"inLanguage":"fr-FR"},{"@type":"Organization","@id":"https:\/\/www.nordicpharma.ch\/#organization","name":"Nordic Pharma Suisse","url":"https:\/\/www.nordicpharma.ch\/","logo":{"@type":"ImageObject","inLanguage":"fr-FR","@id":"https:\/\/www.nordicpharma.ch\/#\/schema\/logo\/image\/","url":"https:\/\/www.nordicpharma.ch\/wp-content\/uploads\/sites\/8\/2021\/10\/light-pharma-1024x289-1.png","contentUrl":"https:\/\/www.nordicpharma.ch\/wp-content\/uploads\/sites\/8\/2021\/10\/light-pharma-1024x289-1.png","width":1024,"height":289,"caption":"Nordic Pharma Suisse"},"image":{"@id":"https:\/\/www.nordicpharma.ch\/#\/schema\/logo\/image\/"}}]}},"_links":{"self":[{"href":"https:\/\/www.nordicpharma.ch\/fr\/wp-json\/wp\/v2\/pages\/9","targetHints":{"allow":["GET"]}}],"collection":[{"href":"https:\/\/www.nordicpharma.ch\/fr\/wp-json\/wp\/v2\/pages"}],"about":[{"href":"https:\/\/www.nordicpharma.ch\/fr\/wp-json\/wp\/v2\/types\/page"}],"author":[{"embeddable":true,"href":"https:\/\/www.nordicpharma.ch\/fr\/wp-json\/wp\/v2\/users\/22"}],"replies":[{"embeddable":true,"href":"https:\/\/www.nordicpharma.ch\/fr\/wp-json\/wp\/v2\/comments?post=9"}],"version-history":[{"count":0,"href":"https:\/\/www.nordicpharma.ch\/fr\/wp-json\/wp\/v2\/pages\/9\/revisions"}],"wp:attachment":[{"href":"https:\/\/www.nordicpharma.ch\/fr\/wp-json\/wp\/v2\/media?parent=9"}],"curies":[{"name":"wp","href":"https:\/\/api.w.org\/{rel}","templated":true}]}}