{"id":51,"date":"2021-09-28T13:38:56","date_gmt":"2021-09-28T13:38:56","guid":{"rendered":"https:\/\/nordicpharma-multisite.dev.pulse.digital\/ch\/?page_id=51"},"modified":"2025-01-10T10:16:13","modified_gmt":"2025-01-10T09:16:13","slug":"transparence","status":"publish","type":"page","link":"https:\/\/www.nordicpharma.ch\/fr\/transparence\/","title":{"rendered":"Transparence"},"content":{"rendered":"[spb_row element_name=&#8221;Row&#8221; wrap_type=&#8221;full-width-contained&#8221; row_bg_type=&#8221;image&#8221; color_row_height=&#8221;content-height&#8221; row_style=&#8221;light&#8221; bg_image=&#8221;855&#8243; bg_type=&#8221;pattern&#8221; parallax_image_height=&#8221;content-height&#8221; parallax_image_movement=&#8221;stellar&#8221; parallax_image_speed=&#8221;standard&#8221; bg_video_loop=&#8221;yes&#8221; parallax_video_height=&#8221;window-height&#8221; row_top_style=&#8221;none&#8221; row_bottom_style=&#8221;none&#8221; parallax_video_overlay=&#8221;none&#8221; row_overlay_opacity=&#8221;0&#8243; remove_element_spacing=&#8221;no&#8221; row_col_spacing=&#8221;0&#8243; row_col_pos=&#8221;default&#8221; row_col_equal_heights=&#8221;no&#8221; row_expanding=&#8221;no&#8221; row_animation=&#8221;none&#8221; row_animation_delay=&#8221;0&#8243; minimize_row=&#8221;no&#8221; simplified_controls=&#8221;yes&#8221; custom_css_percentage=&#8221;no&#8221; custom_css=&#8221;margin-top: 0px;margin-bottom: 0px;&#8221; border_styling_global=&#8221;default&#8221; el_class=&#8221;top-page&#8221; width=&#8221;1\/1&#8243; el_position=&#8221;first last&#8221;] [spb_text_block title=&#8221;\u00c0 PROPOS DE NOUS&#8221; animation=&#8221;none&#8221; animation_delay=&#8221;0&#8243; simplified_controls=&#8221;yes&#8221; custom_css_percentage=&#8221;no&#8221; padding_vertical=&#8221;0&#8243; padding_horizontal=&#8221;0&#8243; margin_vertical=&#8221;0&#8243; custom_css=&#8221;margin-top: 0px;margin-bottom: 0px;&#8221; border_size=&#8221;0&#8243; border_styling_global=&#8221;default&#8221; el_class=&#8221;page-title-container&#8221; width=&#8221;1\/1&#8243; el_position=&#8221;first last&#8221;]\n<p>Transparence<\/p>\n[\/spb_text_block] [\/spb_row] [spb_row element_name=&#8221;Row&#8221; wrap_type=&#8221;standard-width&#8221; row_bg_type=&#8221;color&#8221; color_row_height=&#8221;content-height&#8221; bg_type=&#8221;cover&#8221; parallax_image_height=&#8221;content-height&#8221; parallax_image_movement=&#8221;fixed&#8221; parallax_image_speed=&#8221;standard&#8221; bg_video_loop=&#8221;yes&#8221; parallax_video_height=&#8221;window-height&#8221; row_top_style=&#8221;none&#8221; row_bottom_style=&#8221;none&#8221; parallax_video_overlay=&#8221;none&#8221; row_overlay_opacity=&#8221;0&#8243; remove_element_spacing=&#8221;no&#8221; row_col_spacing=&#8221;0&#8243; row_col_pos=&#8221;default&#8221; row_col_equal_heights=&#8221;no&#8221; row_expanding=&#8221;no&#8221; row_animation=&#8221;none&#8221; row_animation_delay=&#8221;0&#8243; minimize_row=&#8221;no&#8221; simplified_controls=&#8221;no&#8221; custom_css_percentage=&#8221;no&#8221; custom_css=&#8221;margin-top: 0px;margin-bottom: 0px;padding-top: 100px;&#8221; border_styling_global=&#8221;default&#8221; el_class=&#8221;container-center&#8221; width=&#8221;1\/1&#8243; el_position=&#8221;first last&#8221;] [spb_text_block animation=&#8221;none&#8221; animation_delay=&#8221;0&#8243; simplified_controls=&#8221;yes&#8221; custom_css_percentage=&#8221;no&#8221; padding_vertical=&#8221;0&#8243; padding_horizontal=&#8221;0&#8243; margin_vertical=&#8221;0&#8243; custom_css=&#8221;margin-top: 0px;margin-bottom: 0px;&#8221; border_size=&#8221;0&#8243; border_styling_global=&#8221;default&#8221; el_class=&#8221;page-content&#8221; width=&#8221;1\/1&#8243; el_position=&#8221;first last&#8221;]\n<p class=\"page-desc\">Nordic Pharma prend au s\u00e9rieux les interactions avec tous les professionnels de la sant\u00e9 et reconna\u00eet les responsabilit\u00e9s qu\u2019implique la fourniture de m\u00e9dicaments, parfois dans des situations aigu\u00ebs. Nous respectons les normes \u00e9thiques les plus strictes et faisons preuve d\u2019une transparence totale dans nos relations avec les clients et les organismes d\u2019achat suisses.<\/p>\n[\/spb_text_block] [spb_divider type=&#8221;standard&#8221; text=&#8221;Go to top&#8221; top_margin=&#8221;20px&#8221; bottom_margin=&#8221;30px&#8221; fullwidth=&#8221;no&#8221; width=&#8221;1\/1&#8243; el_position=&#8221;first last&#8221;] [\/spb_row] [spb_row element_name=&#8221;Row&#8221; wrap_type=&#8221;standard-width&#8221; row_bg_type=&#8221;color&#8221; color_row_height=&#8221;content-height&#8221; bg_type=&#8221;cover&#8221; parallax_image_height=&#8221;content-height&#8221; parallax_image_movement=&#8221;fixed&#8221; parallax_image_speed=&#8221;standard&#8221; bg_video_loop=&#8221;yes&#8221; parallax_video_height=&#8221;window-height&#8221; row_top_style=&#8221;none&#8221; row_bottom_style=&#8221;none&#8221; parallax_video_overlay=&#8221;none&#8221; row_overlay_opacity=&#8221;0&#8243; remove_element_spacing=&#8221;no&#8221; row_col_spacing=&#8221;0&#8243; row_col_pos=&#8221;default&#8221; row_col_equal_heights=&#8221;no&#8221; row_expanding=&#8221;no&#8221; row_animation=&#8221;none&#8221; row_animation_delay=&#8221;0&#8243; minimize_row=&#8221;no&#8221; simplified_controls=&#8221;no&#8221; custom_css_percentage=&#8221;no&#8221; custom_css=&#8221;margin-top: 0px;margin-bottom: 0px;&#8221; border_styling_global=&#8221;default&#8221; el_class=&#8221;container-center&#8221; width=&#8221;1\/1&#8243; el_position=&#8221;first last&#8221;] [spb_text_block title=&#8221;Collaboration&#8221; animation=&#8221;none&#8221; animation_delay=&#8221;0&#8243; simplified_controls=&#8221;yes&#8221; custom_css_percentage=&#8221;no&#8221; padding_vertical=&#8221;0&#8243; padding_horizontal=&#8221;0&#8243; margin_vertical=&#8221;0&#8243; custom_css=&#8221;margin-top: 0px;margin-bottom: 0px;&#8221; border_size=&#8221;0&#8243; border_styling_global=&#8221;default&#8221; el_class=&#8221;page-content&#8221; width=&#8221;1\/1&#8243; el_position=&#8221;first last&#8221;]\n<h3>HCP\/HCO<\/h3>\n<p>Nordic Pharma GmbH a sign\u00e9 le code pharmaceutique et le code de coop\u00e9ration pharmaceutique.<\/p>\n<p>Pendant les ann\u00e9es 2015-2017\/2020 il n\u2019y a eu pas de compensations pay\u00e9s pour des prestations de conseil et de services, pour des soutiens financiers \u00e0 des activit\u00e9s de recherche et d\u00e9veloppement dans le domaine de la sant\u00e9 ou pour des contributions aux co\u00fbts de participation de sp\u00e9cialistes aux congr\u00e8s ou manifestations.<\/p>\n<p>Transferts de valeurs 2018:<\/p>\n<p>Nordic Pharma GmbH a vers\u00e9 \u00e0 la Fondation pour la recherche scientifique de l\u2019h\u00f4pital Triemli Fonds Herzchirugie, Birmensdorfer Strasse 497, 8063 Zurich, une r\u00e9mun\u00e9ration de CHF 1\u2019500.\u2013 pour le conseil consultatif.<\/p>\n<p>Transferts de valeurs 2019:<\/p>\n<p>Nordic Pharma GmbH a vers\u00e9 \u00e0 l\u2019h\u00f4pital cantonal d\u2019Aarau, Tellstrasse 25, 5001 Aarau, une r\u00e9mun\u00e9ration de EUR 2\u2019200.- pour le conseil consultatif.<\/p>\n<p>Nordic Pharma GmbH a vers\u00e9 \u00e0 Prof. Dr. med. Martin Siegemund de l\u2019h\u00f4pital universitaire de B\u00e2le, Spitalstrasse 21, 4031 Basel une r\u00e9mun\u00e9ration de EUR 600.- pour le conseil consultatif.<\/p>\n<p>Transferts de valeurs 2021:<\/p>\n<p>Nordic Pharma GmbH a vers\u00e9 \u00e0 l\u2019h\u00f4pital cantonal d\u2019Aarau, Tellstrasse 25, 5001 Aarau, une r\u00e9mun\u00e9ration de EUR 1\u2019000.- pour le conseil consultatif.<\/p>\n<p>Les honoraires suivants ont \u00e9t\u00e9 vers\u00e9s aux institutions mentionn\u00e9es pour la promotion de la recherche et de la formation continue:<\/p>\n<ul>\n<li>Bethesda Spital AG, Gellertstrasse 144, 4052 Basel : CHF 2&#8217;500.-<\/li>\n<li>Universit\u00e4tsspital Basel, Rheumatologie, Petersgraben 4, 4031 Basel : CHF 5&#8217;000.-<\/li>\n<\/ul>\n<p>&nbsp;<\/p>\n<p>Transferts de valeurs 2022:<\/p>\n<ul>\n<li>Bethesda Spital AG, Gellertstrasse 144, 4052 Basel: CHF 2\u2019500.-<\/li>\n<li>Universit\u00e4tsspital Basel, Rheumatologie, Petersgraben 4, 4031 Basel: CHF 2\u2019000.-<\/li>\n<li>Universit\u00e4tsspital Basel, Frauenklinik, Spitalstr. 21, 4031 Basel: CHF 1\u2019040.-<\/li>\n<li>Advisis AG, Z\u00e4hringerstr. 61, 3012 Bern: CHF 5\u2019500.-<\/li>\n<li>Rheumasearch, Case Postale 3222, 57, rue du Rh\u00f4ne, 1211 Gen\u00e8ve 3 Rive: CHF 2\u2019000.-<\/li>\n<\/ul>\n<p>&nbsp;<\/p>\n<p>Transferts de valeurs 2023:<\/p>\n<ul>\n<li>Universit\u00e4tsspital Basel, Rheumatologie, Petersgraben 4, 4031 Basel: CHF 2\u2019000.-<\/li>\n<li>Advisis AG, Z\u00e4hringerstr. 61, 3012 Bern: CHF 5\u2019500.-<\/li>\n<li>BBS Congress GmbH, Rabbentalstr. 83, 3013 Bern: CHF 3\u2019864.-<\/li>\n<li>Dr. med. Nait Bajrami, St. Peterstrasse 13, 9500 Will, a re\u00e7u une subvention de formation continue d&#8217;un montant de 1 630,26 CHF<\/li>\n<\/ul>\n<p>&nbsp;<\/p>\n<p>Transferts de valeurs 2024:<\/p>\n<ul>\n<li>Congrex Switzerland Ltd. Reinacherstrasse 131 4053 Basel: CHF 3,859.17<\/li>\n<li>Schweizerische Gesellschaft f\u00fcr Rheumatologie (SGR): \u00a0CHF 2,520.-<\/li>\n<li>Bethesda Spital AG , Gellertstr. 144, CH-4052 Basel: CHF 2,000.- \u00ad<\/li>\n<\/ul>\n<h3><\/h3>\n<h3><strong>Associations de patients<\/strong><\/h3>\n<p class=\"page-desc\">Nordic Pharma GmbH a sign\u00e9 le code pharmaceutique et le code de coop\u00e9ration pharmaceutique.<\/p>\n<p>Pendant les ann\u00e9es 2015-2020 il n\u2019y a pas eu de collaborations financi\u00e8res avec des associations de patients en Suisse.<\/p>\n<p>2021 un montant de 650 CHF a \u00e9t\u00e9 vers\u00e9 \u00e0 la Ligue suisse contre le rhumatisme, Josefstrasse 92, 8005 Zurich, pour sa semaine d&#8217;action annuelle.<\/p>\n<p>2022: il n\u2019y a pas eu de collaborations financi\u00e8res avec des associations de patients en Suisse.<\/p>\n<p>En 2023, un montant de 10 000 CHF a \u00e9t\u00e9 vers\u00e9 \u00e0 la Ligue suisse contre le rhumatisme, Josefstr. 92, 8005 Zurich, pour soutenir la s\u00e9rie de formations MPA.<\/p>\n<p>En 2024, un montant de 10 000 CHF a \u00e9t\u00e9 vers\u00e9 \u00e0 la Ligue suisse contre le rhumatisme, Josefstr. 92, 8005 Zurich, pour soutenir la s\u00e9rie de formations MPA.<\/p>\n[\/spb_text_block] [\/spb_row] [spb_row element_name=&#8221;Row&#8221; wrap_type=&#8221;full-width-contained&#8221; row_bg_type=&#8221;image&#8221; color_row_height=&#8221;content-height&#8221; bg_image=&#8221;74&#8243; bg_type=&#8221;cover&#8221; parallax_image_height=&#8221;content-height&#8221; parallax_image_movement=&#8221;fixed&#8221; parallax_image_speed=&#8221;standard&#8221; bg_video_loop=&#8221;yes&#8221; parallax_video_height=&#8221;window-height&#8221; row_top_style=&#8221;none&#8221; row_bottom_style=&#8221;none&#8221; parallax_video_overlay=&#8221;none&#8221; row_overlay_opacity=&#8221;0&#8243; remove_element_spacing=&#8221;no&#8221; row_col_spacing=&#8221;0&#8243; row_col_pos=&#8221;center&#8221; row_col_content_pos=&#8221;center&#8221; row_col_equal_heights=&#8221;no&#8221; row_expanding=&#8221;no&#8221; row_animation=&#8221;none&#8221; row_animation_delay=&#8221;0&#8243; minimize_row=&#8221;no&#8221; simplified_controls=&#8221;yes&#8221; custom_css_percentage=&#8221;no&#8221; custom_css=&#8221;margin-top: 0px;margin-bottom: 0px;&#8221; border_styling_global=&#8221;default&#8221; el_class=&#8221;cta-container&#8221; width=&#8221;1\/1&#8243; el_position=&#8221;first last&#8221;] [spb_text_block animation=&#8221;none&#8221; animation_delay=&#8221;0&#8243; simplified_controls=&#8221;yes&#8221; custom_css_percentage=&#8221;no&#8221; padding_vertical=&#8221;0&#8243; padding_horizontal=&#8221;0&#8243; margin_vertical=&#8221;0&#8243; custom_css=&#8221;margin-top: 0px;margin-bottom: 0px;&#8221; border_size=&#8221;0&#8243; border_styling_global=&#8221;default&#8221; el_class=&#8221;cta-title&#8221; width=&#8221;1\/1&#8243; el_position=&#8221;first last&#8221;]\n<p>Produits<\/p>\n[\/spb_text_block] [spb_button button_text=&#8221;En savoir plus&#8221; button_size=&#8221;standard&#8221; button_colour=&#8221;accent&#8221; button_type=&#8221;standard&#8221; rounded=&#8221;no&#8221; button_dropshadow=&#8221;no&#8221; button_link=&#8221;\/fr\/produits\/&#8221; button_target=&#8221;_self&#8221; align=&#8221;left&#8221; animation=&#8221;none&#8221; animation_delay=&#8221;0&#8243; el_class=&#8221;btnAbout&#8221; width=&#8221;1\/1&#8243; el_position=&#8221;first last&#8221;] [\/spb_row]\n","protected":false},"excerpt":{"rendered":"<p>[spb_row element_name=&#8221;Row&#8221; wrap_type=&#8221;full-width-contained&#8221; row_bg_type=&#8221;image&#8221; color_row_height=&#8221;content-height&#8221; row_style=&#8221;light&#8221; bg_image=&#8221;855&#8243; bg_type=&#8221;pattern&#8221; parallax_image_height=&#8221;content-height&#8221; parallax_image_movement=&#8221;stellar&#8221; parallax_image_speed=&#8221;standard&#8221; bg_video_loop=&#8221;yes&#8221; parallax_video_height=&#8221;window-height&#8221; row_top_style=&#8221;none&#8221; row_bottom_style=&#8221;none&#8221; parallax_video_overlay=&#8221;none&#8221; row_overlay_opacity=&#8221;0&#8243; remove_element_spacing=&#8221;no&#8221; row_col_spacing=&#8221;0&#8243; row_col_pos=&#8221;default&#8221; row_col_equal_heights=&#8221;no&#8221; row_expanding=&#8221;no&#8221; row_animation=&#8221;none&#8221; row_animation_delay=&#8221;0&#8243; minimize_row=&#8221;no&#8221; simplified_controls=&#8221;yes&#8221; custom_css_percentage=&#8221;no&#8221; custom_css=&#8221;margin-top: 0px;margin-bottom: 0px;&#8221; border_styling_global=&#8221;default&#8221; el_class=&#8221;top-page&#8221; width=&#8221;1\/1&#8243; el_position=&#8221;first last&#8221;] [spb_text_block title=&#8221;\u00c0 PROPOS DE NOUS&#8221; animation=&#8221;none&#8221; animation_delay=&#8221;0&#8243; simplified_controls=&#8221;yes&#8221; custom_css_percentage=&#8221;no&#8221; padding_vertical=&#8221;0&#8243; padding_horizontal=&#8221;0&#8243; margin_vertical=&#8221;0&#8243; custom_css=&#8221;margin-top: 0px;margin-bottom: 0px;&#8221; border_size=&#8221;0&#8243; border_styling_global=&#8221;default&#8221; el_class=&#8221;page-title-container&#8221; width=&#8221;1\/1&#8243; el_position=&#8221;first last&#8221;] Transparence [\/spb_text_block] [\/spb_row] [spb_row [&hellip;]<\/p>\n","protected":false},"author":22,"featured_media":0,"parent":0,"menu_order":0,"comment_status":"closed","ping_status":"closed","template":"","meta":{"_acf_changed":false,"inline_featured_image":false,"footnotes":""},"class_list":["post-51","page","type-page","status-publish","hentry"],"acf":[],"yoast_head":"<!-- This site is optimized with the Yoast SEO plugin v27.5 - https:\/\/yoast.com\/product\/yoast-seo-wordpress\/ -->\n<title>Transparence - Nordic Pharma Suisse<\/title>\n<meta name=\"description\" content=\"Nordic Pharma Suisse travaille selon les normes \u00e9thiques et est transparente dans ses relations avec les clients et les organisations d&#039;achat.\" \/>\n<meta name=\"robots\" content=\"index, follow, max-snippet:-1, max-image-preview:large, max-video-preview:-1\" \/>\n<link rel=\"canonical\" href=\"https:\/\/www.nordicpharma.ch\/fr\/transparence\/\" \/>\n<meta property=\"og:locale\" content=\"fr_FR\" \/>\n<meta property=\"og:type\" content=\"article\" \/>\n<meta property=\"og:title\" content=\"Transparence - Nordic Pharma Suisse\" \/>\n<meta property=\"og:description\" content=\"Nordic Pharma Suisse travaille selon les normes \u00e9thiques et est transparente dans ses relations avec les clients et les organisations d&#039;achat.\" \/>\n<meta property=\"og:url\" content=\"https:\/\/www.nordicpharma.ch\/fr\/transparence\/\" \/>\n<meta property=\"og:site_name\" content=\"Nordic Pharma Suisse\" \/>\n<meta property=\"article:modified_time\" content=\"2025-01-10T09:16:13+00:00\" \/>\n<meta property=\"og:image\" content=\"https:\/\/www.nordicpharma.ch\/wp-content\/uploads\/sites\/8\/2021\/10\/nordic-pharma-france-header-nos-valeurs-2.jpg\" \/>\n\t<meta property=\"og:image:width\" content=\"1920\" \/>\n\t<meta property=\"og:image:height\" content=\"507\" \/>\n\t<meta property=\"og:image:type\" content=\"image\/jpeg\" \/>\n<meta name=\"twitter:card\" content=\"summary_large_image\" \/>\n<meta name=\"twitter:image\" content=\"https:\/\/www.nordicpharma.ch\/wp-content\/uploads\/sites\/8\/2021\/10\/nordic-pharma-france-header-nos-valeurs-2.jpg\" \/>\n<meta name=\"twitter:label1\" content=\"Dur\u00e9e de lecture estim\u00e9e\" \/>\n\t<meta name=\"twitter:data1\" content=\"5 minutes\" \/>\n<script type=\"application\/ld+json\" class=\"yoast-schema-graph\">{\"@context\":\"https:\\\/\\\/schema.org\",\"@graph\":[{\"@type\":\"WebPage\",\"@id\":\"https:\\\/\\\/www.nordicpharma.ch\\\/fr\\\/transparence\\\/\",\"url\":\"https:\\\/\\\/www.nordicpharma.ch\\\/fr\\\/transparence\\\/\",\"name\":\"Transparence - Nordic Pharma Suisse\",\"isPartOf\":{\"@id\":\"https:\\\/\\\/www.nordicpharma.ch\\\/#website\"},\"datePublished\":\"2021-09-28T13:38:56+00:00\",\"dateModified\":\"2025-01-10T09:16:13+00:00\",\"description\":\"Nordic Pharma Suisse travaille selon les normes \u00e9thiques et est transparente dans ses relations avec les clients et les organisations d'achat.\",\"breadcrumb\":{\"@id\":\"https:\\\/\\\/www.nordicpharma.ch\\\/fr\\\/transparence\\\/#breadcrumb\"},\"inLanguage\":\"fr-FR\",\"potentialAction\":[{\"@type\":\"ReadAction\",\"target\":[\"https:\\\/\\\/www.nordicpharma.ch\\\/fr\\\/transparence\\\/\"]}]},{\"@type\":\"BreadcrumbList\",\"@id\":\"https:\\\/\\\/www.nordicpharma.ch\\\/fr\\\/transparence\\\/#breadcrumb\",\"itemListElement\":[{\"@type\":\"ListItem\",\"position\":1,\"name\":\"Home\",\"item\":\"https:\\\/\\\/www.nordicpharma.ch\\\/fr\\\/\"},{\"@type\":\"ListItem\",\"position\":2,\"name\":\"Transparence\"}]},{\"@type\":\"WebSite\",\"@id\":\"https:\\\/\\\/www.nordicpharma.ch\\\/#website\",\"url\":\"https:\\\/\\\/www.nordicpharma.ch\\\/\",\"name\":\"Nordic Pharma Suisse\",\"description\":\"Just another Nordic Pharma Sites site\",\"publisher\":{\"@id\":\"https:\\\/\\\/www.nordicpharma.ch\\\/#organization\"},\"potentialAction\":[{\"@type\":\"SearchAction\",\"target\":{\"@type\":\"EntryPoint\",\"urlTemplate\":\"https:\\\/\\\/www.nordicpharma.ch\\\/?s={search_term_string}\"},\"query-input\":{\"@type\":\"PropertyValueSpecification\",\"valueRequired\":true,\"valueName\":\"search_term_string\"}}],\"inLanguage\":\"fr-FR\"},{\"@type\":\"Organization\",\"@id\":\"https:\\\/\\\/www.nordicpharma.ch\\\/#organization\",\"name\":\"Nordic Pharma Suisse\",\"url\":\"https:\\\/\\\/www.nordicpharma.ch\\\/\",\"logo\":{\"@type\":\"ImageObject\",\"inLanguage\":\"fr-FR\",\"@id\":\"https:\\\/\\\/www.nordicpharma.ch\\\/#\\\/schema\\\/logo\\\/image\\\/\",\"url\":\"https:\\\/\\\/www.nordicpharma.ch\\\/wp-content\\\/uploads\\\/sites\\\/8\\\/2021\\\/10\\\/light-pharma-1024x289-1.png\",\"contentUrl\":\"https:\\\/\\\/www.nordicpharma.ch\\\/wp-content\\\/uploads\\\/sites\\\/8\\\/2021\\\/10\\\/light-pharma-1024x289-1.png\",\"width\":1024,\"height\":289,\"caption\":\"Nordic Pharma Suisse\"},\"image\":{\"@id\":\"https:\\\/\\\/www.nordicpharma.ch\\\/#\\\/schema\\\/logo\\\/image\\\/\"}}]}<\/script>\n<!-- \/ Yoast SEO plugin. -->","yoast_head_json":{"title":"Transparence - Nordic Pharma Suisse","description":"Nordic Pharma Suisse travaille selon les normes \u00e9thiques et est transparente dans ses relations avec les clients et les organisations d'achat.","robots":{"index":"index","follow":"follow","max-snippet":"max-snippet:-1","max-image-preview":"max-image-preview:large","max-video-preview":"max-video-preview:-1"},"canonical":"https:\/\/www.nordicpharma.ch\/fr\/transparence\/","og_locale":"fr_FR","og_type":"article","og_title":"Transparence - Nordic Pharma Suisse","og_description":"Nordic Pharma Suisse travaille selon les normes \u00e9thiques et est transparente dans ses relations avec les clients et les organisations d'achat.","og_url":"https:\/\/www.nordicpharma.ch\/fr\/transparence\/","og_site_name":"Nordic Pharma Suisse","article_modified_time":"2025-01-10T09:16:13+00:00","og_image":[{"width":1920,"height":507,"url":"https:\/\/www.nordicpharma.ch\/wp-content\/uploads\/sites\/8\/2021\/10\/nordic-pharma-france-header-nos-valeurs-2.jpg","type":"image\/jpeg"}],"twitter_card":"summary_large_image","twitter_image":"https:\/\/www.nordicpharma.ch\/wp-content\/uploads\/sites\/8\/2021\/10\/nordic-pharma-france-header-nos-valeurs-2.jpg","twitter_misc":{"Dur\u00e9e de lecture estim\u00e9e":"5 minutes"},"schema":{"@context":"https:\/\/schema.org","@graph":[{"@type":"WebPage","@id":"https:\/\/www.nordicpharma.ch\/fr\/transparence\/","url":"https:\/\/www.nordicpharma.ch\/fr\/transparence\/","name":"Transparence - Nordic Pharma Suisse","isPartOf":{"@id":"https:\/\/www.nordicpharma.ch\/#website"},"datePublished":"2021-09-28T13:38:56+00:00","dateModified":"2025-01-10T09:16:13+00:00","description":"Nordic Pharma Suisse travaille selon les normes \u00e9thiques et est transparente dans ses relations avec les clients et les organisations d'achat.","breadcrumb":{"@id":"https:\/\/www.nordicpharma.ch\/fr\/transparence\/#breadcrumb"},"inLanguage":"fr-FR","potentialAction":[{"@type":"ReadAction","target":["https:\/\/www.nordicpharma.ch\/fr\/transparence\/"]}]},{"@type":"BreadcrumbList","@id":"https:\/\/www.nordicpharma.ch\/fr\/transparence\/#breadcrumb","itemListElement":[{"@type":"ListItem","position":1,"name":"Home","item":"https:\/\/www.nordicpharma.ch\/fr\/"},{"@type":"ListItem","position":2,"name":"Transparence"}]},{"@type":"WebSite","@id":"https:\/\/www.nordicpharma.ch\/#website","url":"https:\/\/www.nordicpharma.ch\/","name":"Nordic Pharma Suisse","description":"Just another Nordic Pharma Sites site","publisher":{"@id":"https:\/\/www.nordicpharma.ch\/#organization"},"potentialAction":[{"@type":"SearchAction","target":{"@type":"EntryPoint","urlTemplate":"https:\/\/www.nordicpharma.ch\/?s={search_term_string}"},"query-input":{"@type":"PropertyValueSpecification","valueRequired":true,"valueName":"search_term_string"}}],"inLanguage":"fr-FR"},{"@type":"Organization","@id":"https:\/\/www.nordicpharma.ch\/#organization","name":"Nordic Pharma Suisse","url":"https:\/\/www.nordicpharma.ch\/","logo":{"@type":"ImageObject","inLanguage":"fr-FR","@id":"https:\/\/www.nordicpharma.ch\/#\/schema\/logo\/image\/","url":"https:\/\/www.nordicpharma.ch\/wp-content\/uploads\/sites\/8\/2021\/10\/light-pharma-1024x289-1.png","contentUrl":"https:\/\/www.nordicpharma.ch\/wp-content\/uploads\/sites\/8\/2021\/10\/light-pharma-1024x289-1.png","width":1024,"height":289,"caption":"Nordic Pharma Suisse"},"image":{"@id":"https:\/\/www.nordicpharma.ch\/#\/schema\/logo\/image\/"}}]}},"_links":{"self":[{"href":"https:\/\/www.nordicpharma.ch\/fr\/wp-json\/wp\/v2\/pages\/51","targetHints":{"allow":["GET"]}}],"collection":[{"href":"https:\/\/www.nordicpharma.ch\/fr\/wp-json\/wp\/v2\/pages"}],"about":[{"href":"https:\/\/www.nordicpharma.ch\/fr\/wp-json\/wp\/v2\/types\/page"}],"author":[{"embeddable":true,"href":"https:\/\/www.nordicpharma.ch\/fr\/wp-json\/wp\/v2\/users\/22"}],"replies":[{"embeddable":true,"href":"https:\/\/www.nordicpharma.ch\/fr\/wp-json\/wp\/v2\/comments?post=51"}],"version-history":[{"count":0,"href":"https:\/\/www.nordicpharma.ch\/fr\/wp-json\/wp\/v2\/pages\/51\/revisions"}],"wp:attachment":[{"href":"https:\/\/www.nordicpharma.ch\/fr\/wp-json\/wp\/v2\/media?parent=51"}],"curies":[{"name":"wp","href":"https:\/\/api.w.org\/{rel}","templated":true}]}}