{"id":2782,"date":"2023-03-24T16:01:07","date_gmt":"2023-03-24T15:01:07","guid":{"rendered":"https:\/\/www.nordicpharma.com\/?page_id=2782"},"modified":"2023-08-29T12:43:04","modified_gmt":"2023-08-29T11:43:04","slug":"valeurs","status":"publish","type":"page","link":"https:\/\/www.nordicpharma.ch\/fr\/valeurs\/","title":{"rendered":"Valeurs"},"content":{"rendered":"[spb_row element_name=&#8221;Row&#8221; wrap_type=&#8221;full-width-contained&#8221; row_bg_type=&#8221;image&#8221; color_row_height=&#8221;content-height&#8221; row_style=&#8221;light&#8221; bg_image=&#8221;1958&#8243; bg_type=&#8221;pattern&#8221; parallax_image_height=&#8221;content-height&#8221; parallax_image_movement=&#8221;stellar&#8221; parallax_image_speed=&#8221;standard&#8221; bg_video_loop=&#8221;yes&#8221; parallax_video_height=&#8221;window-height&#8221; row_top_style=&#8221;none&#8221; row_bottom_style=&#8221;none&#8221; parallax_video_overlay=&#8221;none&#8221; row_overlay_opacity=&#8221;0&#8243; remove_element_spacing=&#8221;no&#8221; row_col_spacing=&#8221;0&#8243; row_col_pos=&#8221;default&#8221; row_col_equal_heights=&#8221;no&#8221; row_expanding=&#8221;no&#8221; row_animation=&#8221;none&#8221; row_animation_delay=&#8221;0&#8243; minimize_row=&#8221;no&#8221; simplified_controls=&#8221;yes&#8221; custom_css_percentage=&#8221;no&#8221; custom_css=&#8221;margin-top: 0px;margin-bottom: 0px;&#8221; border_styling_global=&#8221;default&#8221; el_class=&#8221;top-page&#8221; width=&#8221;1\/1&#8243; el_position=&#8221;first last&#8221;] [spb_text_block title=&#8221;\u00c0 PROPOS DE NOUS&#8221; animation=&#8221;none&#8221; animation_delay=&#8221;0&#8243; simplified_controls=&#8221;yes&#8221; custom_css_percentage=&#8221;no&#8221; padding_vertical=&#8221;0&#8243; padding_horizontal=&#8221;0&#8243; margin_vertical=&#8221;0&#8243; custom_css=&#8221;margin-top: 0px;margin-bottom: 0px;&#8221; border_size=&#8221;0&#8243; border_styling_global=&#8221;default&#8221; el_class=&#8221;page-title-container&#8221; width=&#8221;1\/1&#8243; el_position=&#8221;first last&#8221;]\n<p>Valeurs<\/p>\n[\/spb_text_block] [\/spb_row] [spb_row element_name=&#8221;Row&#8221; wrap_type=&#8221;standard-width&#8221; row_bg_type=&#8221;color&#8221; color_row_height=&#8221;content-height&#8221; bg_type=&#8221;cover&#8221; parallax_image_height=&#8221;content-height&#8221; parallax_image_movement=&#8221;fixed&#8221; parallax_image_speed=&#8221;standard&#8221; bg_video_loop=&#8221;yes&#8221; parallax_video_height=&#8221;window-height&#8221; row_top_style=&#8221;none&#8221; row_bottom_style=&#8221;none&#8221; parallax_video_overlay=&#8221;none&#8221; row_overlay_opacity=&#8221;0&#8243; remove_element_spacing=&#8221;no&#8221; row_col_spacing=&#8221;0&#8243; row_col_pos=&#8221;default&#8221; row_col_equal_heights=&#8221;no&#8221; row_expanding=&#8221;no&#8221; row_animation=&#8221;none&#8221; row_animation_delay=&#8221;0&#8243; minimize_row=&#8221;no&#8221; simplified_controls=&#8221;no&#8221; custom_css_percentage=&#8221;no&#8221; custom_css=&#8221;margin-top: 0px;margin-bottom: 0px;padding-top: 100px;&#8221; border_styling_global=&#8221;default&#8221; width=&#8221;1\/1&#8243; el_position=&#8221;first last&#8221;] [spb_text_block animation=&#8221;none&#8221; animation_delay=&#8221;0&#8243; simplified_controls=&#8221;yes&#8221; custom_css_percentage=&#8221;no&#8221; padding_vertical=&#8221;0&#8243; padding_horizontal=&#8221;0&#8243; margin_vertical=&#8221;0&#8243; custom_css=&#8221;margin-top: 0px;margin-bottom: 0px;&#8221; border_size=&#8221;0&#8243; border_styling_global=&#8221;default&#8221; el_class=&#8221;page-content&#8221; width=&#8221;1\/1&#8243; el_position=&#8221;first last&#8221;]\n<section class=\"row fw-row dynamic-header-change\" data-header-style=\"\">\n<div class=\"spb-row container-center \" data-row-type=\"color\" data-wrap=\"standard-width\" data-image-movement=\"fixed\" data-content-stretch=\"false\" data-row-height=\"content-height\" data-col-spacing=\"0\" data-col-v-pos=\"default\">\n<div class=\"spb_content_element clearfix\">\n<section class=\"row \">\n<div class=\"spb-column-container col-sm-12 text-plan \">\n<div class=\"spb-column-inner row clearfix\">\n<section class=\"row \">\n<div class=\"spb_content_element col-sm-12 page-content spb_text_column\">\n<div class=\"spb-asset-content\">\n<p>Les valeurs de Nordic Pharma <strong>&#8211; Commitment, Ambition, Respect, Reliability, Integrity et Agility<\/strong> (engagement, ambition, respect, fiabilit\u00e9, int\u00e9grit\u00e9 et agilit\u00e9) &#8211; d\u00e9crivent notre culture et nos normes et nous guident dans notre travail. Nous avons une forte \u00e9thique d&#8217;entreprise et sommes convaincus que notre conduite et les convictions que nous partageons d\u00e9finissent notre r\u00e9putation.<\/p>\n<\/div>\n<\/div>\n<\/section>\n<\/div>\n<\/div>\n<\/section>\n<\/div>\n<\/div>\n<\/section>\n[\/spb_text_block] [spb_image image=&#8221;2770&#8243; image_size=&#8221;full&#8221; frame=&#8221;noframe&#8221; caption_pos=&#8221;hover&#8221; remove_rounded=&#8221;yes&#8221; fullwidth=&#8221;no&#8221; overflow_mode=&#8221;none&#8221; el_class=&#8221;img-act-with-it&#8221; link_target=&#8221;_self&#8221; lightbox=&#8221;no&#8221; intro_animation=&#8221;none&#8221; animation_delay=&#8221;200&#8243; width=&#8221;1\/1&#8243; el_position=&#8221;first last&#8221;][\/spb_image] [spb_text_block animation=&#8221;none&#8221; animation_delay=&#8221;0&#8243; simplified_controls=&#8221;yes&#8221; custom_css_percentage=&#8221;no&#8221; padding_vertical=&#8221;0&#8243; padding_horizontal=&#8221;0&#8243; margin_vertical=&#8221;0&#8243; custom_css=&#8221;margin-top: 0px;margin-bottom: 0px;&#8221; border_size=&#8221;0&#8243; border_styling_global=&#8221;default&#8221; width=&#8221;1\/1&#8243; el_position=&#8221;first last&#8221;]\n<section class=\"row fw-row dynamic-header-change\" data-header-style=\"\">\n<div class=\"spb-row container-center \" data-row-type=\"color\" data-wrap=\"standard-width\" data-image-movement=\"fixed\" data-content-stretch=\"false\" data-row-height=\"content-height\" data-col-spacing=\"0\" data-col-v-pos=\"default\">\n<div class=\"spb_content_element clearfix\">\n<section class=\"row \">\n<div class=\"spb-column-container col-sm-12 text-plan \">\n<div class=\"spb-column-inner row clearfix\">\n<section class=\"row \">\n<div class=\"spb_content_element col-sm-12 page-content spb_text_column\">\n<div class=\"spb-asset-content\">\n<p>Actuellement, nous employons 300 personnes dans le monde entier, dans <strong>20 pays<\/strong> et sur <strong>3<\/strong> <strong>continents<\/strong>. Notre personnel est tr\u00e8s diversifi\u00e9, avec <strong>plus de 25 nationalit\u00e9s<\/strong>. Nous sommes tr\u00e8s fiers de notre entreprise et nous sommes convaincus que notre plus grande force se trouve dans nos collaborateurs.<\/p>\n<p>Chez Nordic Pharma, nous nous effor\u00e7ons de construire de mani\u00e8re proactive une culture de travail qui favorise la diversit\u00e9, l&#8217;int\u00e9gration et l&#8217;\u00e9galit\u00e9 des chances pour tous. Nous croyons aux effets positifs de la diversit\u00e9 et nous nous effor\u00e7ons de cr\u00e9er un environnement de travail s\u00fbr, sain, convivial et productif pour tous nos collaborateurs.<\/p>\n<\/div>\n<\/div>\n<\/section>\n<\/div>\n<\/div>\n<\/section>\n<\/div>\n<\/div>\n<\/section>\n<div class=\"spb-row-sizer\"><\/div>\n<section class=\"row fw-row dynamic-header-change\" data-header-style=\"\">\n<div class=\"spb-row container-center \" data-row-type=\"color\" data-wrap=\"standard-width\" data-image-movement=\"fixed\" data-content-stretch=\"false\" data-row-height=\"content-height\" data-col-spacing=\"0\" data-col-v-pos=\"default\">\n<div class=\"spb_content_element clearfix\">\n<section class=\"row \">\n<div class=\"spb-column-container col-sm-12 nordic-organisation \">\n<div class=\"spb-column-inner row clearfix\">\n<section class=\"row \">\n<div class=\"spb_content_element col-sm-12 organisation-pharma spb_text_column\">\n<div class=\"spb-asset-content\">\n<div class=\"title-wrap\">\n<h3><strong>Proportion de femmes occupant des postes de direction chez Nordic Pharma en 2022:<\/strong><\/h3>\n<\/div>\n<ul>\n<li><strong>48%<\/strong><\/li>\n<\/ul>\n<\/div>\n<\/div>\n<\/section>\n<\/div>\n<\/div>\n<\/section>\n<\/div>\n<\/div>\n<\/section>\n[\/spb_text_block] [spb_text_block animation=&#8221;none&#8221; animation_delay=&#8221;0&#8243; simplified_controls=&#8221;yes&#8221; custom_css_percentage=&#8221;no&#8221; padding_vertical=&#8221;0&#8243; padding_horizontal=&#8221;0&#8243; margin_vertical=&#8221;0&#8243; custom_css=&#8221;margin-top: 0px;margin-bottom: 0px;&#8221; border_size=&#8221;0&#8243; border_styling_global=&#8221;default&#8221; el_class=&#8221;page-content&#8221; width=&#8221;1\/1&#8243; el_position=&#8221;first last&#8221;]\n<section class=\"row fw-row dynamic-header-change\" data-header-style=\"\">\n<div class=\"spb-row container-center \" data-row-type=\"color\" data-wrap=\"standard-width\" data-image-movement=\"fixed\" data-content-stretch=\"false\" data-row-height=\"content-height\" data-col-spacing=\"0\" data-col-v-pos=\"default\">\n<div class=\"spb_content_element clearfix\">\n<section class=\"row \">\n<div class=\"spb-column-container col-sm-12 text-plan \">\n<div class=\"spb-column-inner row clearfix\">\n<section class=\"row \">\n<div class=\"spb_content_element col-sm-12 page-content spb_text_column\">\n<div class=\"spb-asset-content\">\n<p>Nos collaborateurs sont importants pour nous et nous voulons qu&#8217;ils se sentent valoris\u00e9s, consid\u00e9r\u00e9s et entendus.<\/p>\n<p>Nos filiales espagnole, canadienne et hollandaise ont re\u00e7u le certificat Great Place to Work. Nous sommes fiers de leur grand sens du travail d&#8217;\u00e9quipe, de la collaboration et des valeurs communes que refl\u00e8te cette distinction.<\/p>\n<\/div>\n<\/div>\n<\/section>\n<\/div>\n<\/div>\n<\/section>\n<\/div>\n<\/div>\n<\/section>\n[\/spb_text_block] [\/spb_row] [spb_image image=&#8221;2774&#8243; image_size=&#8221;full&#8221; frame=&#8221;noframe&#8221; caption_pos=&#8221;hover&#8221; remove_rounded=&#8221;yes&#8221; fullwidth=&#8221;no&#8221; overflow_mode=&#8221;none&#8221; el_class=&#8221;img-great&#8221; link_target=&#8221;_self&#8221; lightbox=&#8221;no&#8221; intro_animation=&#8221;none&#8221; animation_delay=&#8221;200&#8243; width=&#8221;1\/1&#8243; el_position=&#8221;first last&#8221;][\/spb_image] [spb_row element_name=&#8221;Row&#8221; wrap_type=&#8221;full-width-contained&#8221; row_bg_type=&#8221;image&#8221; color_row_height=&#8221;content-height&#8221; bg_image=&#8221;1989&#8243; bg_type=&#8221;cover&#8221; parallax_image_height=&#8221;content-height&#8221; parallax_image_movement=&#8221;fixed&#8221; parallax_image_speed=&#8221;standard&#8221; bg_video_loop=&#8221;yes&#8221; parallax_video_height=&#8221;window-height&#8221; row_top_style=&#8221;none&#8221; row_bottom_style=&#8221;none&#8221; parallax_video_overlay=&#8221;none&#8221; row_overlay_opacity=&#8221;0&#8243; remove_element_spacing=&#8221;no&#8221; row_col_spacing=&#8221;0&#8243; row_col_pos=&#8221;center&#8221; row_col_content_pos=&#8221;center&#8221; row_col_equal_heights=&#8221;no&#8221; row_expanding=&#8221;no&#8221; row_animation=&#8221;none&#8221; row_animation_delay=&#8221;0&#8243; minimize_row=&#8221;no&#8221; simplified_controls=&#8221;yes&#8221; custom_css_percentage=&#8221;no&#8221; custom_css=&#8221;margin-top: 0px;margin-bottom: 0px;&#8221; border_styling_global=&#8221;default&#8221; el_class=&#8221;cta-container&#8221; width=&#8221;1\/1&#8243; el_position=&#8221;first last&#8221;] [spb_text_block animation=&#8221;none&#8221; animation_delay=&#8221;0&#8243; simplified_controls=&#8221;yes&#8221; custom_css_percentage=&#8221;no&#8221; padding_vertical=&#8221;0&#8243; padding_horizontal=&#8221;0&#8243; margin_vertical=&#8221;0&#8243; custom_css=&#8221;margin-top: 0px;margin-bottom: 0px;&#8221; border_size=&#8221;0&#8243; border_styling_global=&#8221;default&#8221; el_class=&#8221;cta-title&#8221; width=&#8221;1\/1&#8243; el_position=&#8221;first last&#8221;]\n<p>Durabilit\u00e9<\/p>\n[\/spb_text_block] [spb_button button_text=&#8221;En savoir plus&#8221; button_size=&#8221;standard&#8221; button_colour=&#8221;accent&#8221; button_type=&#8221;standard&#8221; rounded=&#8221;no&#8221; button_dropshadow=&#8221;no&#8221; button_link=&#8221;\/fr\/durabilit\u00e9 \/&#8221; button_target=&#8221;_self&#8221; align=&#8221;left&#8221; animation=&#8221;none&#8221; animation_delay=&#8221;0&#8243; el_class=&#8221;btnAbout&#8221; width=&#8221;1\/1&#8243; el_position=&#8221;first last&#8221;] [\/spb_row]\n","protected":false},"excerpt":{"rendered":"<p>[spb_row element_name=&#8221;Row&#8221; wrap_type=&#8221;full-width-contained&#8221; row_bg_type=&#8221;image&#8221; color_row_height=&#8221;content-height&#8221; row_style=&#8221;light&#8221; bg_image=&#8221;1958&#8243; bg_type=&#8221;pattern&#8221; parallax_image_height=&#8221;content-height&#8221; parallax_image_movement=&#8221;stellar&#8221; parallax_image_speed=&#8221;standard&#8221; bg_video_loop=&#8221;yes&#8221; parallax_video_height=&#8221;window-height&#8221; row_top_style=&#8221;none&#8221; row_bottom_style=&#8221;none&#8221; parallax_video_overlay=&#8221;none&#8221; row_overlay_opacity=&#8221;0&#8243; remove_element_spacing=&#8221;no&#8221; row_col_spacing=&#8221;0&#8243; row_col_pos=&#8221;default&#8221; row_col_equal_heights=&#8221;no&#8221; row_expanding=&#8221;no&#8221; row_animation=&#8221;none&#8221; row_animation_delay=&#8221;0&#8243; minimize_row=&#8221;no&#8221; simplified_controls=&#8221;yes&#8221; custom_css_percentage=&#8221;no&#8221; custom_css=&#8221;margin-top: 0px;margin-bottom: 0px;&#8221; border_styling_global=&#8221;default&#8221; el_class=&#8221;top-page&#8221; width=&#8221;1\/1&#8243; el_position=&#8221;first last&#8221;] [spb_text_block title=&#8221;\u00c0 PROPOS DE NOUS&#8221; animation=&#8221;none&#8221; animation_delay=&#8221;0&#8243; simplified_controls=&#8221;yes&#8221; custom_css_percentage=&#8221;no&#8221; padding_vertical=&#8221;0&#8243; padding_horizontal=&#8221;0&#8243; margin_vertical=&#8221;0&#8243; custom_css=&#8221;margin-top: 0px;margin-bottom: 0px;&#8221; border_size=&#8221;0&#8243; border_styling_global=&#8221;default&#8221; el_class=&#8221;page-title-container&#8221; width=&#8221;1\/1&#8243; el_position=&#8221;first last&#8221;] Valeurs [\/spb_text_block] [\/spb_row] [spb_row [&hellip;]<\/p>\n","protected":false},"author":2,"featured_media":0,"parent":0,"menu_order":0,"comment_status":"closed","ping_status":"closed","template":"","meta":{"_acf_changed":false,"inline_featured_image":false,"footnotes":""},"class_list":["post-2782","page","type-page","status-publish","hentry"],"acf":[],"yoast_head":"<!-- This site is optimized with the Yoast SEO plugin v27.5 - https:\/\/yoast.com\/product\/yoast-seo-wordpress\/ -->\n<title>Valeurs - Nordic Pharma Suisse<\/title>\n<meta name=\"robots\" content=\"index, follow, max-snippet:-1, max-image-preview:large, max-video-preview:-1\" \/>\n<link rel=\"canonical\" href=\"https:\/\/www.nordicpharma.ch\/werte\/\" \/>\n<meta property=\"og:locale\" content=\"fr_FR\" \/>\n<meta property=\"og:type\" content=\"article\" \/>\n<meta property=\"og:title\" content=\"Valeurs - Nordic Pharma Suisse\" \/>\n<meta property=\"og:description\" content=\"[spb_row element_name=&#8221;Row&#8221; wrap_type=&#8221;full-width-contained&#8221; row_bg_type=&#8221;image&#8221; color_row_height=&#8221;content-height&#8221; row_style=&#8221;light&#8221; bg_image=&#8221;1958&#8243; bg_type=&#8221;pattern&#8221; parallax_image_height=&#8221;content-height&#8221; parallax_image_movement=&#8221;stellar&#8221; parallax_image_speed=&#8221;standard&#8221; bg_video_loop=&#8221;yes&#8221; parallax_video_height=&#8221;window-height&#8221; row_top_style=&#8221;none&#8221; row_bottom_style=&#8221;none&#8221; parallax_video_overlay=&#8221;none&#8221; row_overlay_opacity=&#8221;0&#8243; remove_element_spacing=&#8221;no&#8221; row_col_spacing=&#8221;0&#8243; row_col_pos=&#8221;default&#8221; row_col_equal_heights=&#8221;no&#8221; row_expanding=&#8221;no&#8221; row_animation=&#8221;none&#8221; row_animation_delay=&#8221;0&#8243; minimize_row=&#8221;no&#8221; simplified_controls=&#8221;yes&#8221; custom_css_percentage=&#8221;no&#8221; custom_css=&#8221;margin-top: 0px;margin-bottom: 0px;&#8221; border_styling_global=&#8221;default&#8221; el_class=&#8221;top-page&#8221; width=&#8221;1\/1&#8243; el_position=&#8221;first last&#8221;] [spb_text_block title=&#8221;\u00c0 PROPOS DE NOUS&#8221; animation=&#8221;none&#8221; animation_delay=&#8221;0&#8243; simplified_controls=&#8221;yes&#8221; custom_css_percentage=&#8221;no&#8221; padding_vertical=&#8221;0&#8243; padding_horizontal=&#8221;0&#8243; margin_vertical=&#8221;0&#8243; custom_css=&#8221;margin-top: 0px;margin-bottom: 0px;&#8221; border_size=&#8221;0&#8243; border_styling_global=&#8221;default&#8221; el_class=&#8221;page-title-container&#8221; width=&#8221;1\/1&#8243; el_position=&#8221;first last&#8221;] Valeurs [\/spb_text_block] [\/spb_row] [spb_row [&hellip;]\" \/>\n<meta property=\"og:url\" content=\"https:\/\/www.nordicpharma.ch\/werte\/\" \/>\n<meta property=\"og:site_name\" content=\"Nordic Pharma Suisse\" \/>\n<meta property=\"article:modified_time\" content=\"2023-08-29T11:43:04+00:00\" \/>\n<meta name=\"twitter:card\" content=\"summary_large_image\" \/>\n<meta name=\"twitter:label1\" content=\"Dur\u00e9e de lecture estim\u00e9e\" \/>\n\t<meta name=\"twitter:data1\" content=\"3 minutes\" \/>\n<script type=\"application\/ld+json\" class=\"yoast-schema-graph\">{\"@context\":\"https:\\\/\\\/schema.org\",\"@graph\":[{\"@type\":\"WebPage\",\"@id\":\"https:\\\/\\\/www.nordicpharma.ch\\\/werte\\\/\",\"url\":\"https:\\\/\\\/www.nordicpharma.ch\\\/werte\\\/\",\"name\":\"Valeurs - Nordic Pharma Suisse\",\"isPartOf\":{\"@id\":\"https:\\\/\\\/www.nordicpharma.ch\\\/#website\"},\"datePublished\":\"2023-03-24T15:01:07+00:00\",\"dateModified\":\"2023-08-29T11:43:04+00:00\",\"breadcrumb\":{\"@id\":\"https:\\\/\\\/www.nordicpharma.ch\\\/werte\\\/#breadcrumb\"},\"inLanguage\":\"fr-FR\",\"potentialAction\":[{\"@type\":\"ReadAction\",\"target\":[\"https:\\\/\\\/www.nordicpharma.ch\\\/werte\\\/\"]}]},{\"@type\":\"BreadcrumbList\",\"@id\":\"https:\\\/\\\/www.nordicpharma.ch\\\/werte\\\/#breadcrumb\",\"itemListElement\":[{\"@type\":\"ListItem\",\"position\":1,\"name\":\"Home\",\"item\":\"https:\\\/\\\/www.nordicpharma.ch\\\/fr\\\/\"},{\"@type\":\"ListItem\",\"position\":2,\"name\":\"Valeurs\"}]},{\"@type\":\"WebSite\",\"@id\":\"https:\\\/\\\/www.nordicpharma.ch\\\/#website\",\"url\":\"https:\\\/\\\/www.nordicpharma.ch\\\/\",\"name\":\"Nordic Pharma Suisse\",\"description\":\"Just another Nordic Pharma Sites site\",\"publisher\":{\"@id\":\"https:\\\/\\\/www.nordicpharma.ch\\\/#organization\"},\"potentialAction\":[{\"@type\":\"SearchAction\",\"target\":{\"@type\":\"EntryPoint\",\"urlTemplate\":\"https:\\\/\\\/www.nordicpharma.ch\\\/?s={search_term_string}\"},\"query-input\":{\"@type\":\"PropertyValueSpecification\",\"valueRequired\":true,\"valueName\":\"search_term_string\"}}],\"inLanguage\":\"fr-FR\"},{\"@type\":\"Organization\",\"@id\":\"https:\\\/\\\/www.nordicpharma.ch\\\/#organization\",\"name\":\"Nordic Pharma Suisse\",\"url\":\"https:\\\/\\\/www.nordicpharma.ch\\\/\",\"logo\":{\"@type\":\"ImageObject\",\"inLanguage\":\"fr-FR\",\"@id\":\"https:\\\/\\\/www.nordicpharma.ch\\\/#\\\/schema\\\/logo\\\/image\\\/\",\"url\":\"https:\\\/\\\/www.nordicpharma.ch\\\/wp-content\\\/uploads\\\/sites\\\/8\\\/2021\\\/10\\\/light-pharma-1024x289-1.png\",\"contentUrl\":\"https:\\\/\\\/www.nordicpharma.ch\\\/wp-content\\\/uploads\\\/sites\\\/8\\\/2021\\\/10\\\/light-pharma-1024x289-1.png\",\"width\":1024,\"height\":289,\"caption\":\"Nordic Pharma Suisse\"},\"image\":{\"@id\":\"https:\\\/\\\/www.nordicpharma.ch\\\/#\\\/schema\\\/logo\\\/image\\\/\"}}]}<\/script>\n<!-- \/ Yoast SEO plugin. -->","yoast_head_json":{"title":"Valeurs - Nordic Pharma Suisse","robots":{"index":"index","follow":"follow","max-snippet":"max-snippet:-1","max-image-preview":"max-image-preview:large","max-video-preview":"max-video-preview:-1"},"canonical":"https:\/\/www.nordicpharma.ch\/werte\/","og_locale":"fr_FR","og_type":"article","og_title":"Valeurs - Nordic Pharma Suisse","og_description":"[spb_row element_name=&#8221;Row&#8221; wrap_type=&#8221;full-width-contained&#8221; row_bg_type=&#8221;image&#8221; color_row_height=&#8221;content-height&#8221; row_style=&#8221;light&#8221; bg_image=&#8221;1958&#8243; bg_type=&#8221;pattern&#8221; parallax_image_height=&#8221;content-height&#8221; parallax_image_movement=&#8221;stellar&#8221; parallax_image_speed=&#8221;standard&#8221; bg_video_loop=&#8221;yes&#8221; parallax_video_height=&#8221;window-height&#8221; row_top_style=&#8221;none&#8221; row_bottom_style=&#8221;none&#8221; parallax_video_overlay=&#8221;none&#8221; row_overlay_opacity=&#8221;0&#8243; remove_element_spacing=&#8221;no&#8221; row_col_spacing=&#8221;0&#8243; row_col_pos=&#8221;default&#8221; row_col_equal_heights=&#8221;no&#8221; row_expanding=&#8221;no&#8221; row_animation=&#8221;none&#8221; row_animation_delay=&#8221;0&#8243; minimize_row=&#8221;no&#8221; simplified_controls=&#8221;yes&#8221; custom_css_percentage=&#8221;no&#8221; custom_css=&#8221;margin-top: 0px;margin-bottom: 0px;&#8221; border_styling_global=&#8221;default&#8221; el_class=&#8221;top-page&#8221; width=&#8221;1\/1&#8243; el_position=&#8221;first last&#8221;] [spb_text_block title=&#8221;\u00c0 PROPOS DE NOUS&#8221; animation=&#8221;none&#8221; animation_delay=&#8221;0&#8243; simplified_controls=&#8221;yes&#8221; custom_css_percentage=&#8221;no&#8221; padding_vertical=&#8221;0&#8243; padding_horizontal=&#8221;0&#8243; margin_vertical=&#8221;0&#8243; custom_css=&#8221;margin-top: 0px;margin-bottom: 0px;&#8221; border_size=&#8221;0&#8243; border_styling_global=&#8221;default&#8221; el_class=&#8221;page-title-container&#8221; width=&#8221;1\/1&#8243; el_position=&#8221;first last&#8221;] Valeurs [\/spb_text_block] [\/spb_row] [spb_row [&hellip;]","og_url":"https:\/\/www.nordicpharma.ch\/werte\/","og_site_name":"Nordic Pharma Suisse","article_modified_time":"2023-08-29T11:43:04+00:00","twitter_card":"summary_large_image","twitter_misc":{"Dur\u00e9e de lecture estim\u00e9e":"3 minutes"},"schema":{"@context":"https:\/\/schema.org","@graph":[{"@type":"WebPage","@id":"https:\/\/www.nordicpharma.ch\/werte\/","url":"https:\/\/www.nordicpharma.ch\/werte\/","name":"Valeurs - Nordic Pharma Suisse","isPartOf":{"@id":"https:\/\/www.nordicpharma.ch\/#website"},"datePublished":"2023-03-24T15:01:07+00:00","dateModified":"2023-08-29T11:43:04+00:00","breadcrumb":{"@id":"https:\/\/www.nordicpharma.ch\/werte\/#breadcrumb"},"inLanguage":"fr-FR","potentialAction":[{"@type":"ReadAction","target":["https:\/\/www.nordicpharma.ch\/werte\/"]}]},{"@type":"BreadcrumbList","@id":"https:\/\/www.nordicpharma.ch\/werte\/#breadcrumb","itemListElement":[{"@type":"ListItem","position":1,"name":"Home","item":"https:\/\/www.nordicpharma.ch\/fr\/"},{"@type":"ListItem","position":2,"name":"Valeurs"}]},{"@type":"WebSite","@id":"https:\/\/www.nordicpharma.ch\/#website","url":"https:\/\/www.nordicpharma.ch\/","name":"Nordic Pharma Suisse","description":"Just another Nordic Pharma Sites site","publisher":{"@id":"https:\/\/www.nordicpharma.ch\/#organization"},"potentialAction":[{"@type":"SearchAction","target":{"@type":"EntryPoint","urlTemplate":"https:\/\/www.nordicpharma.ch\/?s={search_term_string}"},"query-input":{"@type":"PropertyValueSpecification","valueRequired":true,"valueName":"search_term_string"}}],"inLanguage":"fr-FR"},{"@type":"Organization","@id":"https:\/\/www.nordicpharma.ch\/#organization","name":"Nordic Pharma Suisse","url":"https:\/\/www.nordicpharma.ch\/","logo":{"@type":"ImageObject","inLanguage":"fr-FR","@id":"https:\/\/www.nordicpharma.ch\/#\/schema\/logo\/image\/","url":"https:\/\/www.nordicpharma.ch\/wp-content\/uploads\/sites\/8\/2021\/10\/light-pharma-1024x289-1.png","contentUrl":"https:\/\/www.nordicpharma.ch\/wp-content\/uploads\/sites\/8\/2021\/10\/light-pharma-1024x289-1.png","width":1024,"height":289,"caption":"Nordic Pharma Suisse"},"image":{"@id":"https:\/\/www.nordicpharma.ch\/#\/schema\/logo\/image\/"}}]}},"_links":{"self":[{"href":"https:\/\/www.nordicpharma.ch\/fr\/wp-json\/wp\/v2\/pages\/2782","targetHints":{"allow":["GET"]}}],"collection":[{"href":"https:\/\/www.nordicpharma.ch\/fr\/wp-json\/wp\/v2\/pages"}],"about":[{"href":"https:\/\/www.nordicpharma.ch\/fr\/wp-json\/wp\/v2\/types\/page"}],"author":[{"embeddable":true,"href":"https:\/\/www.nordicpharma.ch\/fr\/wp-json\/wp\/v2\/users\/2"}],"replies":[{"embeddable":true,"href":"https:\/\/www.nordicpharma.ch\/fr\/wp-json\/wp\/v2\/comments?post=2782"}],"version-history":[{"count":0,"href":"https:\/\/www.nordicpharma.ch\/fr\/wp-json\/wp\/v2\/pages\/2782\/revisions"}],"wp:attachment":[{"href":"https:\/\/www.nordicpharma.ch\/fr\/wp-json\/wp\/v2\/media?parent=2782"}],"curies":[{"name":"wp","href":"https:\/\/api.w.org\/{rel}","templated":true}]}}