{"id":26,"date":"2021-09-28T13:20:44","date_gmt":"2021-09-28T13:20:44","guid":{"rendered":"https:\/\/nordicpharma-multisite.dev.pulse.digital\/ch\/?page_id=26"},"modified":"2026-04-29T08:27:56","modified_gmt":"2026-04-29T07:27:56","slug":"mentions-legales","status":"publish","type":"page","link":"https:\/\/www.nordicpharma.ch\/fr\/mentions-legales\/","title":{"rendered":"Mentions L\u00e9gales"},"content":{"rendered":"[spb_row element_name=&#8221;Row&#8221; wrap_type=&#8221;full-width-contained&#8221; row_bg_type=&#8221;image&#8221; color_row_height=&#8221;content-height&#8221; row_style=&#8221;light&#8221; bg_image=&#8221;106&#8243; bg_type=&#8221;pattern&#8221; parallax_image_height=&#8221;content-height&#8221; parallax_image_movement=&#8221;stellar&#8221; parallax_image_speed=&#8221;standard&#8221; bg_video_loop=&#8221;yes&#8221; parallax_video_height=&#8221;window-height&#8221; row_top_style=&#8221;none&#8221; row_bottom_style=&#8221;none&#8221; parallax_video_overlay=&#8221;none&#8221; row_overlay_opacity=&#8221;0&#8243; remove_element_spacing=&#8221;no&#8221; row_col_spacing=&#8221;0&#8243; row_col_pos=&#8221;default&#8221; row_col_equal_heights=&#8221;no&#8221; row_expanding=&#8221;no&#8221; row_animation=&#8221;none&#8221; row_animation_delay=&#8221;0&#8243; minimize_row=&#8221;no&#8221; simplified_controls=&#8221;yes&#8221; custom_css_percentage=&#8221;no&#8221; custom_css=&#8221;margin-top: 0px;margin-bottom: 0px;&#8221; border_styling_global=&#8221;default&#8221; el_class=&#8221;top-page&#8221; width=&#8221;1\/1&#8243; el_position=&#8221;first last&#8221;] [spb_text_block title=&#8221;L\u00c9GAL&#8221; animation=&#8221;none&#8221; animation_delay=&#8221;0&#8243; simplified_controls=&#8221;yes&#8221; custom_css_percentage=&#8221;no&#8221; padding_vertical=&#8221;0&#8243; padding_horizontal=&#8221;0&#8243; margin_vertical=&#8221;0&#8243; custom_css=&#8221;margin-top: 0px;margin-bottom: 0px;&#8221; border_size=&#8221;0&#8243; border_styling_global=&#8221;default&#8221; el_class=&#8221;page-title-container&#8221; width=&#8221;1\/1&#8243; el_position=&#8221;first last&#8221;]\n<p>Mentions L\u00e9gales<\/p>\n[\/spb_text_block] [\/spb_row] [spb_row element_name=&#8221;Row&#8221; wrap_type=&#8221;standard-width&#8221; row_bg_type=&#8221;color&#8221; color_row_height=&#8221;content-height&#8221; bg_type=&#8221;cover&#8221; parallax_image_height=&#8221;content-height&#8221; parallax_image_movement=&#8221;fixed&#8221; parallax_image_speed=&#8221;standard&#8221; bg_video_loop=&#8221;yes&#8221; parallax_video_height=&#8221;window-height&#8221; row_top_style=&#8221;none&#8221; row_bottom_style=&#8221;none&#8221; parallax_video_overlay=&#8221;none&#8221; row_overlay_opacity=&#8221;0&#8243; remove_element_spacing=&#8221;no&#8221; row_col_spacing=&#8221;0&#8243; row_col_pos=&#8221;default&#8221; row_col_equal_heights=&#8221;no&#8221; row_expanding=&#8221;no&#8221; row_animation=&#8221;none&#8221; row_animation_delay=&#8221;0&#8243; minimize_row=&#8221;no&#8221; simplified_controls=&#8221;no&#8221; custom_css_percentage=&#8221;no&#8221; custom_css=&#8221;margin-top: 0px;margin-bottom: 0px;padding-top: 100px;&#8221; border_styling_global=&#8221;default&#8221; el_class=&#8221;container-center&#8221; width=&#8221;1\/1&#8243; el_position=&#8221;first last&#8221;] [spb_text_block animation=&#8221;none&#8221; animation_delay=&#8221;0&#8243; simplified_controls=&#8221;yes&#8221; custom_css_percentage=&#8221;no&#8221; padding_vertical=&#8221;0&#8243; padding_horizontal=&#8221;0&#8243; margin_vertical=&#8221;0&#8243; custom_css=&#8221;margin-top: 0px;margin-bottom: 0px;&#8221; border_size=&#8221;0&#8243; border_styling_global=&#8221;default&#8221; el_class=&#8221;page-content&#8221; width=&#8221;1\/1&#8243; el_position=&#8221;first last&#8221;]\n<p>Nordic Pharma GmbH<br \/>\nBinzm\u00fchlestrasse 80<br \/>\nCH-8050 Z\u00fcrich<br \/>\nTel: +41 43 444 92 91<br \/>\nE-mail: info.ch@nordicpharma.com<\/p>\n<p>Num\u00e9ro d&#8217;identification TVA: CHE-108.642.295<\/p>\n<p>Soci\u00e9t\u00e9 m\u00e8re: Nordic Group B.V., Siriusdreef 41, 2132 WT, Hoofddorp, Pays-Bas<\/p>\n<p><strong>Repr\u00e9sent\u00e9 par les directeurs:<\/strong><\/p>\n<p>Charlotte Phelps<br \/>\nVincent Leonhardt<br \/>\nJan Liljequist<\/p>\n[\/spb_text_block] [\/spb_row] [spb_row element_name=&#8221;Row&#8221; wrap_type=&#8221;standard-width&#8221; row_bg_type=&#8221;color&#8221; color_row_height=&#8221;content-height&#8221; bg_type=&#8221;cover&#8221; parallax_image_height=&#8221;content-height&#8221; parallax_image_movement=&#8221;fixed&#8221; parallax_image_speed=&#8221;standard&#8221; bg_video_loop=&#8221;yes&#8221; parallax_video_height=&#8221;window-height&#8221; row_top_style=&#8221;none&#8221; row_bottom_style=&#8221;none&#8221; parallax_video_overlay=&#8221;none&#8221; row_overlay_opacity=&#8221;0&#8243; remove_element_spacing=&#8221;no&#8221; row_col_spacing=&#8221;0&#8243; row_col_pos=&#8221;default&#8221; row_col_equal_heights=&#8221;no&#8221; row_expanding=&#8221;no&#8221; row_animation=&#8221;none&#8221; row_animation_delay=&#8221;0&#8243; minimize_row=&#8221;no&#8221; simplified_controls=&#8221;no&#8221; custom_css_percentage=&#8221;no&#8221; custom_css=&#8221;margin-top: 0px;margin-bottom: 0px;padding-top: 100px;&#8221; border_styling_global=&#8221;default&#8221; el_class=&#8221;container-center&#8221; width=&#8221;1\/1&#8243; el_position=&#8221;first last&#8221;] [spb_text_block animation=&#8221;none&#8221; animation_delay=&#8221;0&#8243; simplified_controls=&#8221;yes&#8221; custom_css_percentage=&#8221;no&#8221; padding_vertical=&#8221;0&#8243; padding_horizontal=&#8221;0&#8243; margin_vertical=&#8221;0&#8243; custom_css=&#8221;margin-top: 0px;margin-bottom: 0px;&#8221; border_size=&#8221;0&#8243; border_styling_global=&#8221;default&#8221; el_class=&#8221;page-content&#8221; width=&#8221;1\/1&#8243; el_position=&#8221;first last&#8221;]\n<p class=\"page-desc\">Vous pouvez consulter le contenu de ce site web \u00e0 des fins d\u2019information uniquement. Les pr\u00e9sentes conditions d\u2019utilisation et la politique de confidentialit\u00e9 ne cr\u00e9ent aucun droit contractuel ou l\u00e9gal.<\/p>\n<p class=\"page-desc\"><strong>Tout le contenu de ce site web est la propri\u00e9t\u00e9 de Nordic Pharma GmbH et est prot\u00e9g\u00e9 par les lois mondiales sur le droit d\u2019auteur<\/strong>. Vous pouvez t\u00e9l\u00e9charger le contenu pour votre usage personnel \u00e0 des fins non commerciales uniquement, mais aucune modification ou reproduction ult\u00e9rieure du contenu n\u2019est autoris\u00e9e sans le consentement \u00e9crit pr\u00e9alable de Nordic Pharma GmbH. Le contenu ne peut \u00eatre copi\u00e9 ou utilis\u00e9 de quelque mani\u00e8re que ce soit.<\/p>\n<p class=\"page-desc\">Nordic Pharma GmbH fait de son mieux pour inclure des informations actuelles et pr\u00e9cises sur ce site web, mais ne fait aucune d\u00e9claration, garantie ou caution quant \u00e0 l\u2019exactitude, l\u2019actualit\u00e9 ou l\u2019exhaustivit\u00e9 des informations fournies. Nordic Pharma GmbH ne sera pas responsable des dommages ou des pr\u00e9judices r\u00e9sultant de l\u2019acc\u00e8s \u00e0 ce site web ou de l\u2019impossibilit\u00e9 d\u2019y acc\u00e9der, ou de la confiance accord\u00e9e \u00e0 toute information contenue sur ce site web.<\/p>\n<p class=\"page-desc\">Les informations figurant sur ce site web peuvent ne pas \u00eatre exactes ou \u00e0 jour. Nordic Pharma GmbH se r\u00e9serve le droit de modifier les informations figurant sur ce site Web \u00e0 tout moment. En outre, nous ne sommes pas responsables du contenu et des pratiques en mati\u00e8re de confidentialit\u00e9 des autres sites web auxquels il est possible d\u2019acc\u00e9der par l\u2019interm\u00e9diaire de ce site web et nous ne les approuvons pas. Les marques commerciales, les marques de service, les noms commerciaux, les pr\u00e9sentations et les produits figurant sur ce site web sont prot\u00e9g\u00e9s au niveau international. Ils ne peuvent \u00eatre utilis\u00e9s sans le consentement \u00e9crit pr\u00e9alable de Nordic Pharma GmbH, sauf pour identifier les produits ou services de la soci\u00e9t\u00e9.<\/p>\n<p class=\"page-desc\">Les informations, produits, processus et technologies d\u00e9crits sur ce site web peuvent \u00eatre soumis \u00e0 d\u2019autres droits de propri\u00e9t\u00e9 intellectuelle. Ces droits sont r\u00e9serv\u00e9s \u00e0 Nordic Pharma GmbH ou \u00e0 d\u2019autres propri\u00e9taires. Ce site web a \u00e9t\u00e9 cr\u00e9\u00e9 par Nordic Pharma GmbH.<\/p>\n<p class=\"page-desc\"><strong>Copyright \u00a9 de Nordic Pharma GmbH. Tous droits r\u00e9serv\u00e9s<\/strong>.<\/p>\n[\/spb_text_block] [\/spb_row]\n","protected":false},"excerpt":{"rendered":"<p>[spb_row element_name=&#8221;Row&#8221; wrap_type=&#8221;full-width-contained&#8221; row_bg_type=&#8221;image&#8221; color_row_height=&#8221;content-height&#8221; row_style=&#8221;light&#8221; bg_image=&#8221;106&#8243; bg_type=&#8221;pattern&#8221; parallax_image_height=&#8221;content-height&#8221; parallax_image_movement=&#8221;stellar&#8221; parallax_image_speed=&#8221;standard&#8221; bg_video_loop=&#8221;yes&#8221; parallax_video_height=&#8221;window-height&#8221; row_top_style=&#8221;none&#8221; row_bottom_style=&#8221;none&#8221; parallax_video_overlay=&#8221;none&#8221; row_overlay_opacity=&#8221;0&#8243; remove_element_spacing=&#8221;no&#8221; row_col_spacing=&#8221;0&#8243; row_col_pos=&#8221;default&#8221; row_col_equal_heights=&#8221;no&#8221; row_expanding=&#8221;no&#8221; row_animation=&#8221;none&#8221; row_animation_delay=&#8221;0&#8243; minimize_row=&#8221;no&#8221; simplified_controls=&#8221;yes&#8221; custom_css_percentage=&#8221;no&#8221; custom_css=&#8221;margin-top: 0px;margin-bottom: 0px;&#8221; border_styling_global=&#8221;default&#8221; el_class=&#8221;top-page&#8221; width=&#8221;1\/1&#8243; el_position=&#8221;first last&#8221;] [spb_text_block title=&#8221;L\u00c9GAL&#8221; animation=&#8221;none&#8221; animation_delay=&#8221;0&#8243; simplified_controls=&#8221;yes&#8221; custom_css_percentage=&#8221;no&#8221; padding_vertical=&#8221;0&#8243; padding_horizontal=&#8221;0&#8243; margin_vertical=&#8221;0&#8243; custom_css=&#8221;margin-top: 0px;margin-bottom: 0px;&#8221; border_size=&#8221;0&#8243; border_styling_global=&#8221;default&#8221; el_class=&#8221;page-title-container&#8221; width=&#8221;1\/1&#8243; el_position=&#8221;first last&#8221;] Mentions L\u00e9gales [\/spb_text_block] [\/spb_row] [spb_row element_name=&#8221;Row&#8221; wrap_type=&#8221;standard-width&#8221; [&hellip;]<\/p>\n","protected":false},"author":22,"featured_media":0,"parent":0,"menu_order":0,"comment_status":"closed","ping_status":"closed","template":"","meta":{"_acf_changed":false,"inline_featured_image":false,"footnotes":""},"class_list":["post-26","page","type-page","status-publish","hentry"],"acf":[],"yoast_head":"<!-- This site is optimized with the Yoast SEO plugin v27.5 - https:\/\/yoast.com\/product\/yoast-seo-wordpress\/ -->\n<title>Mentions L\u00e9gales - Nordic Pharma Suisse<\/title>\n<meta name=\"description\" content=\"Tout le contenu de ce site web est la propri\u00e9t\u00e9 de Nordic Pharma Suisse et est prot\u00e9g\u00e9 par les lois mondiales sur le droit d\u2019auteur.\" \/>\n<meta name=\"robots\" content=\"index, follow, max-snippet:-1, max-image-preview:large, max-video-preview:-1\" \/>\n<link rel=\"canonical\" href=\"https:\/\/www.nordicpharma.ch\/fr\/mentions-legales\/\" \/>\n<meta property=\"og:locale\" content=\"fr_FR\" \/>\n<meta property=\"og:type\" content=\"article\" \/>\n<meta property=\"og:title\" content=\"Mentions L\u00e9gales - Nordic Pharma Suisse\" \/>\n<meta property=\"og:description\" content=\"Tout le contenu de ce site web est la propri\u00e9t\u00e9 de Nordic Pharma Suisse et est prot\u00e9g\u00e9 par les lois mondiales sur le droit d\u2019auteur.\" \/>\n<meta property=\"og:url\" content=\"https:\/\/www.nordicpharma.ch\/fr\/mentions-legales\/\" \/>\n<meta property=\"og:site_name\" content=\"Nordic Pharma Suisse\" \/>\n<meta property=\"article:modified_time\" content=\"2026-04-29T07:27:56+00:00\" \/>\n<meta property=\"og:image\" content=\"https:\/\/www.nordicpharma.ch\/wp-content\/uploads\/sites\/8\/2021\/09\/nordic-pharma-header-legal-notice-scaled.jpg\" \/>\n\t<meta property=\"og:image:width\" content=\"2560\" \/>\n\t<meta property=\"og:image:height\" content=\"1440\" \/>\n\t<meta property=\"og:image:type\" content=\"image\/jpeg\" \/>\n<meta name=\"twitter:card\" content=\"summary_large_image\" \/>\n<meta name=\"twitter:image\" content=\"https:\/\/www.nordicpharma.ch\/wp-content\/uploads\/sites\/8\/2021\/09\/nordic-pharma-header-legal-notice-scaled.jpg\" \/>\n<meta name=\"twitter:label1\" content=\"Dur\u00e9e de lecture estim\u00e9e\" \/>\n\t<meta name=\"twitter:data1\" content=\"4 minutes\" \/>\n<script type=\"application\/ld+json\" class=\"yoast-schema-graph\">{\"@context\":\"https:\\\/\\\/schema.org\",\"@graph\":[{\"@type\":\"WebPage\",\"@id\":\"https:\\\/\\\/www.nordicpharma.ch\\\/fr\\\/mentions-legales\\\/\",\"url\":\"https:\\\/\\\/www.nordicpharma.ch\\\/fr\\\/mentions-legales\\\/\",\"name\":\"Mentions L\u00e9gales - Nordic Pharma Suisse\",\"isPartOf\":{\"@id\":\"https:\\\/\\\/www.nordicpharma.ch\\\/#website\"},\"datePublished\":\"2021-09-28T13:20:44+00:00\",\"dateModified\":\"2026-04-29T07:27:56+00:00\",\"description\":\"Tout le contenu de ce site web est la propri\u00e9t\u00e9 de Nordic Pharma Suisse et est prot\u00e9g\u00e9 par les lois mondiales sur le droit d\u2019auteur.\",\"breadcrumb\":{\"@id\":\"https:\\\/\\\/www.nordicpharma.ch\\\/fr\\\/mentions-legales\\\/#breadcrumb\"},\"inLanguage\":\"fr-FR\",\"potentialAction\":[{\"@type\":\"ReadAction\",\"target\":[\"https:\\\/\\\/www.nordicpharma.ch\\\/fr\\\/mentions-legales\\\/\"]}]},{\"@type\":\"BreadcrumbList\",\"@id\":\"https:\\\/\\\/www.nordicpharma.ch\\\/fr\\\/mentions-legales\\\/#breadcrumb\",\"itemListElement\":[{\"@type\":\"ListItem\",\"position\":1,\"name\":\"Home\",\"item\":\"https:\\\/\\\/www.nordicpharma.ch\\\/fr\\\/\"},{\"@type\":\"ListItem\",\"position\":2,\"name\":\"Mentions L\u00e9gales\"}]},{\"@type\":\"WebSite\",\"@id\":\"https:\\\/\\\/www.nordicpharma.ch\\\/#website\",\"url\":\"https:\\\/\\\/www.nordicpharma.ch\\\/\",\"name\":\"Nordic Pharma Suisse\",\"description\":\"Just another Nordic Pharma Sites site\",\"publisher\":{\"@id\":\"https:\\\/\\\/www.nordicpharma.ch\\\/#organization\"},\"potentialAction\":[{\"@type\":\"SearchAction\",\"target\":{\"@type\":\"EntryPoint\",\"urlTemplate\":\"https:\\\/\\\/www.nordicpharma.ch\\\/?s={search_term_string}\"},\"query-input\":{\"@type\":\"PropertyValueSpecification\",\"valueRequired\":true,\"valueName\":\"search_term_string\"}}],\"inLanguage\":\"fr-FR\"},{\"@type\":\"Organization\",\"@id\":\"https:\\\/\\\/www.nordicpharma.ch\\\/#organization\",\"name\":\"Nordic Pharma Suisse\",\"url\":\"https:\\\/\\\/www.nordicpharma.ch\\\/\",\"logo\":{\"@type\":\"ImageObject\",\"inLanguage\":\"fr-FR\",\"@id\":\"https:\\\/\\\/www.nordicpharma.ch\\\/#\\\/schema\\\/logo\\\/image\\\/\",\"url\":\"https:\\\/\\\/www.nordicpharma.ch\\\/wp-content\\\/uploads\\\/sites\\\/8\\\/2021\\\/10\\\/light-pharma-1024x289-1.png\",\"contentUrl\":\"https:\\\/\\\/www.nordicpharma.ch\\\/wp-content\\\/uploads\\\/sites\\\/8\\\/2021\\\/10\\\/light-pharma-1024x289-1.png\",\"width\":1024,\"height\":289,\"caption\":\"Nordic Pharma Suisse\"},\"image\":{\"@id\":\"https:\\\/\\\/www.nordicpharma.ch\\\/#\\\/schema\\\/logo\\\/image\\\/\"}}]}<\/script>\n<!-- \/ Yoast SEO plugin. -->","yoast_head_json":{"title":"Mentions L\u00e9gales - Nordic Pharma Suisse","description":"Tout le contenu de ce site web est la propri\u00e9t\u00e9 de Nordic Pharma Suisse et est prot\u00e9g\u00e9 par les lois mondiales sur le droit d\u2019auteur.","robots":{"index":"index","follow":"follow","max-snippet":"max-snippet:-1","max-image-preview":"max-image-preview:large","max-video-preview":"max-video-preview:-1"},"canonical":"https:\/\/www.nordicpharma.ch\/fr\/mentions-legales\/","og_locale":"fr_FR","og_type":"article","og_title":"Mentions L\u00e9gales - Nordic Pharma Suisse","og_description":"Tout le contenu de ce site web est la propri\u00e9t\u00e9 de Nordic Pharma Suisse et est prot\u00e9g\u00e9 par les lois mondiales sur le droit d\u2019auteur.","og_url":"https:\/\/www.nordicpharma.ch\/fr\/mentions-legales\/","og_site_name":"Nordic Pharma Suisse","article_modified_time":"2026-04-29T07:27:56+00:00","og_image":[{"width":2560,"height":1440,"url":"https:\/\/www.nordicpharma.ch\/wp-content\/uploads\/sites\/8\/2021\/09\/nordic-pharma-header-legal-notice-scaled.jpg","type":"image\/jpeg"}],"twitter_card":"summary_large_image","twitter_image":"https:\/\/www.nordicpharma.ch\/wp-content\/uploads\/sites\/8\/2021\/09\/nordic-pharma-header-legal-notice-scaled.jpg","twitter_misc":{"Dur\u00e9e de lecture estim\u00e9e":"4 minutes"},"schema":{"@context":"https:\/\/schema.org","@graph":[{"@type":"WebPage","@id":"https:\/\/www.nordicpharma.ch\/fr\/mentions-legales\/","url":"https:\/\/www.nordicpharma.ch\/fr\/mentions-legales\/","name":"Mentions L\u00e9gales - Nordic Pharma Suisse","isPartOf":{"@id":"https:\/\/www.nordicpharma.ch\/#website"},"datePublished":"2021-09-28T13:20:44+00:00","dateModified":"2026-04-29T07:27:56+00:00","description":"Tout le contenu de ce site web est la propri\u00e9t\u00e9 de Nordic Pharma Suisse et est prot\u00e9g\u00e9 par les lois mondiales sur le droit d\u2019auteur.","breadcrumb":{"@id":"https:\/\/www.nordicpharma.ch\/fr\/mentions-legales\/#breadcrumb"},"inLanguage":"fr-FR","potentialAction":[{"@type":"ReadAction","target":["https:\/\/www.nordicpharma.ch\/fr\/mentions-legales\/"]}]},{"@type":"BreadcrumbList","@id":"https:\/\/www.nordicpharma.ch\/fr\/mentions-legales\/#breadcrumb","itemListElement":[{"@type":"ListItem","position":1,"name":"Home","item":"https:\/\/www.nordicpharma.ch\/fr\/"},{"@type":"ListItem","position":2,"name":"Mentions L\u00e9gales"}]},{"@type":"WebSite","@id":"https:\/\/www.nordicpharma.ch\/#website","url":"https:\/\/www.nordicpharma.ch\/","name":"Nordic Pharma Suisse","description":"Just another Nordic Pharma Sites site","publisher":{"@id":"https:\/\/www.nordicpharma.ch\/#organization"},"potentialAction":[{"@type":"SearchAction","target":{"@type":"EntryPoint","urlTemplate":"https:\/\/www.nordicpharma.ch\/?s={search_term_string}"},"query-input":{"@type":"PropertyValueSpecification","valueRequired":true,"valueName":"search_term_string"}}],"inLanguage":"fr-FR"},{"@type":"Organization","@id":"https:\/\/www.nordicpharma.ch\/#organization","name":"Nordic Pharma Suisse","url":"https:\/\/www.nordicpharma.ch\/","logo":{"@type":"ImageObject","inLanguage":"fr-FR","@id":"https:\/\/www.nordicpharma.ch\/#\/schema\/logo\/image\/","url":"https:\/\/www.nordicpharma.ch\/wp-content\/uploads\/sites\/8\/2021\/10\/light-pharma-1024x289-1.png","contentUrl":"https:\/\/www.nordicpharma.ch\/wp-content\/uploads\/sites\/8\/2021\/10\/light-pharma-1024x289-1.png","width":1024,"height":289,"caption":"Nordic Pharma Suisse"},"image":{"@id":"https:\/\/www.nordicpharma.ch\/#\/schema\/logo\/image\/"}}]}},"_links":{"self":[{"href":"https:\/\/www.nordicpharma.ch\/fr\/wp-json\/wp\/v2\/pages\/26","targetHints":{"allow":["GET"]}}],"collection":[{"href":"https:\/\/www.nordicpharma.ch\/fr\/wp-json\/wp\/v2\/pages"}],"about":[{"href":"https:\/\/www.nordicpharma.ch\/fr\/wp-json\/wp\/v2\/types\/page"}],"author":[{"embeddable":true,"href":"https:\/\/www.nordicpharma.ch\/fr\/wp-json\/wp\/v2\/users\/22"}],"replies":[{"embeddable":true,"href":"https:\/\/www.nordicpharma.ch\/fr\/wp-json\/wp\/v2\/comments?post=26"}],"version-history":[{"count":0,"href":"https:\/\/www.nordicpharma.ch\/fr\/wp-json\/wp\/v2\/pages\/26\/revisions"}],"wp:attachment":[{"href":"https:\/\/www.nordicpharma.ch\/fr\/wp-json\/wp\/v2\/media?parent=26"}],"curies":[{"name":"wp","href":"https:\/\/api.w.org\/{rel}","templated":true}]}}